{"id":17,"date":"2023-03-04T13:16:29","date_gmt":"2023-03-04T12:16:29","guid":{"rendered":"https:\/\/saniq.org\/?page_id=17"},"modified":"2025-07-17T22:56:51","modified_gmt":"2025-07-17T20:56:51","slug":"imprimir","status":"publish","type":"page","link":"https:\/\/qurasoft.de\/es\/impressum\/","title":{"rendered":"Pie de imprenta"},"content":{"rendered":"<div data-elementor-type=\"wp-page\" data-elementor-id=\"17\" class=\"elementor elementor-17\" data-elementor-settings=\"{&quot;ha_cmc_init_switcher&quot;:&quot;no&quot;}\" data-elementor-post-type=\"page\">\n\t\t\t\t\t\t<section class=\"elementor-section elementor-top-section elementor-element elementor-element-a5ef5ba elementor-section-boxed elementor-section-height-default elementor-section-height-default\" data-id=\"a5ef5ba\" data-element_type=\"section\" data-e-type=\"section\" data-settings=\"{&quot;_ha_eqh_enable&quot;:false}\">\n\t\t\t\t\t\t<div class=\"elementor-container elementor-column-gap-default\">\n\t\t\t\t\t<div class=\"elementor-column elementor-col-100 elementor-top-column elementor-element elementor-element-03e634b\" data-id=\"03e634b\" data-element_type=\"column\" data-e-type=\"column\">\n\t\t\t<div class=\"elementor-widget-wrap elementor-element-populated\">\n\t\t\t\t\t\t<div class=\"elementor-element elementor-element-60abd8a5 elementor-widget elementor-widget-heading\" data-id=\"60abd8a5\" data-element_type=\"widget\" data-e-type=\"widget\" data-widget_type=\"heading.default\">\n\t\t\t\t<div class=\"elementor-widget-container\">\n\t\t\t\t\t<h1 class=\"elementor-heading-title elementor-size-medium\">Pie de imprenta<\/h1>\t\t\t\t<\/div>\n\t\t\t\t<\/div>\n\t\t\t\t<div class=\"elementor-element elementor-element-10a687b0 elementor-widget elementor-widget-text-editor\" data-id=\"10a687b0\" data-element_type=\"widget\" data-e-type=\"widget\" data-widget_type=\"text-editor.default\">\n\t\t\t\t<div class=\"elementor-widget-container\">\n\t\t\t\t\t\t\t\t\t<h4>Informaci\u00f3n seg\u00fan \u00a7 5 TMG<\/h4>\n<p>Qurasoft GmbH<br>Im Metternicher Feld 30c<br>D-56072 Coblenza a orillas del Rin<\/p>\n<p>Registro mercantil: HRB 24744<br>Tribunal de registro: Juzgado de Primera Instancia de Coblenza<\/p>\n<p>Representado por:<br>Tobias Hastenteufel, Erwin Junker y Artur Schens<\/p>\n<h4>P\u00f3ngase en contacto con<\/h4>\n<p>Tel\u00e9fono: (+49) 261 - 134 986 0<br>Correo electr\u00f3nico: kontakt@qurasoft.de<\/p>\n<h4>CIF<\/h4>\n<p>N\u00famero de identificaci\u00f3n fiscal conforme al \u00a7 27 a de la Ley alemana del Impuesto sobre las Ventas:<br>DE301340994<\/p>\n<h4>Resoluci\u00f3n de litigios en la UE<\/h4>\n<p>La Comisi\u00f3n Europea ofrece una plataforma para la resoluci\u00f3n de litigios en l\u00ednea (ODR): https:\/\/ec.europa.eu\/consumers\/odr. Encontrar\u00e1 nuestra direcci\u00f3n de correo electr\u00f3nico en el pie de imprenta anterior.<\/p>\n<h4>Resoluci\u00f3n de litigios en materia de consumo\/Junta Arbitral Universal<\/h4>\n<p>No estamos dispuestos ni obligados a participar en un procedimiento de resoluci\u00f3n de litigios ante una junta de arbitraje de consumo.<\/p>\n<h4>Responsabilidad por el contenido<\/h4>\n<p>Como proveedor de servicios, somos responsables de nuestro propio contenido en estas p\u00e1ginas de acuerdo con la legislaci\u00f3n general seg\u00fan la Secci\u00f3n 7 (1) de la Ley Alemana de Telemedia (TMG). Sin embargo, seg\u00fan los \u00a7\u00a7 8 a 10 de la TMG, como proveedor de servicios no estamos obligados a supervisar la informaci\u00f3n de terceros transmitida o almacenada ni a investigar circunstancias que indiquen una actividad ilegal.<\/p>\n<p>Esto no afecta a las obligaciones de eliminar o bloquear el uso de la informaci\u00f3n de acuerdo con las leyes generales. Sin embargo, la responsabilidad a este respecto s\u00f3lo es posible a partir del momento en que se tiene conocimiento de una infracci\u00f3n concreta. Si tenemos conocimiento de infracciones correspondientes, eliminaremos estos contenidos inmediatamente.<\/p>\n<h4>Responsabilidad de los enlaces<\/h4>\n<p>Nuestra oferta contiene enlaces a p\u00e1ginas web externas de terceros, sobre cuyos contenidos no tenemos ninguna influencia.<\/p>\n<p>Por lo tanto, no podemos asumir ninguna responsabilidad por estos contenidos externos. El respectivo proveedor u operador de las p\u00e1ginas es siempre responsable del contenido de las p\u00e1ginas enlazadas. Las p\u00e1ginas enlazadas fueron revisadas para detectar posibles infracciones legales en el momento de enlazarlas. Los contenidos ilegales no eran reconocibles en el momento de establecer el enlace.<\/p>\n<p>Sin embargo, un control permanente de los contenidos de las p\u00e1ginas enlazadas no es razonable sin pruebas concretas de una infracci\u00f3n de la ley. Si tenemos conocimiento de alguna infracci\u00f3n de la ley, eliminaremos dichos enlaces inmediatamente.<\/p>\n<h4>Derechos de autor<\/h4>\n<p>Los contenidos y obras creados por los operadores del sitio en estas p\u00e1ginas est\u00e1n sujetos a la ley alemana de derechos de autor. La duplicaci\u00f3n, el procesamiento, la distribuci\u00f3n y cualquier tipo de explotaci\u00f3n fuera de los l\u00edmites de la ley de derechos de autor requieren el consentimiento por escrito del autor o creador respectivo.<\/p>\n<p>Las descargas y copias de esta p\u00e1gina s\u00f3lo est\u00e1n permitidas para uso privado y no comercial. En la medida en que el contenido de esta p\u00e1gina no haya sido creado por el operador, se respetan los derechos de autor de terceros. En particular, los contenidos de terceros est\u00e1n marcados como tales. Si a pesar de ello tuviera conocimiento de una infracci\u00f3n de los derechos de autor, le rogamos que nos lo comunique. Si tenemos conocimiento de alguna infracci\u00f3n, eliminaremos dicho contenido inmediatamente.<\/p>\t\t\t\t\t\t\t\t<\/div>\n\t\t\t\t<\/div>\n\t\t\t\t\t<\/div>\n\t\t<\/div>\n\t\t\t\t\t<\/div>\n\t\t<\/section>\n\t\t\t\t<\/div>","protected":false},"excerpt":{"rendered":"<p>Impressum Angaben gem\u00e4\u00df \u00a7 5 TMG Qurasoft GmbHIm Metternicher Feld 30cD-56072 Koblenz am Rhein Handelsregister: HRB 24744Registergericht: Amtsgericht Koblenz Vertreten durch:Tobias Hastenteufel, Erwin Junker und Artur Schens Kontakt Telefon: (+49) 261 \u2013 134 986 0E-Mail: kontakt@qurasoft.de Umsatzsteuer-ID Umsatzsteuer-Identifikationsnummer gem\u00e4\u00df \u00a7 27 a Umsatzsteuergesetz:DE301340994 EU-Streitschlichtung Die Europ\u00e4ische Kommission stellt eine Plattform zur Online-Streitbeilegung (OS) bereit: https:\/\/ec.europa.eu\/consumers\/odr. [&hellip;]<\/p>\n","protected":false},"author":1,"featured_media":0,"parent":0,"menu_order":497,"comment_status":"closed","ping_status":"closed","template":"","meta":{"footnotes":""},"class_list":["post-17","page","type-page","status-publish","hentry"],"yoast_head":"<!-- This site is optimized with the Yoast SEO plugin v27.3 - https:\/\/yoast.com\/product\/yoast-seo-wordpress\/ -->\n<title>Impressum &#8211; Qurasoft - Personal Digital Medicine<\/title>\n<meta name=\"robots\" content=\"index, follow, max-snippet:-1, max-image-preview:large, max-video-preview:-1\" \/>\n<link rel=\"canonical\" href=\"https:\/\/qurasoft.de\/es\/imprimir\/\" \/>\n<meta property=\"og:locale\" content=\"es_ES\" \/>\n<meta property=\"og:type\" content=\"article\" \/>\n<meta property=\"og:title\" content=\"Impressum &#8211; Qurasoft - Personal Digital Medicine\" \/>\n<meta property=\"og:description\" content=\"Impressum Angaben gem\u00e4\u00df \u00a7 5 TMG Qurasoft GmbHIm Metternicher Feld 30cD-56072 Koblenz am Rhein Handelsregister: HRB 24744Registergericht: Amtsgericht Koblenz Vertreten durch:Tobias Hastenteufel, Erwin Junker und Artur Schens Kontakt Telefon: (+49) 261 \u2013 134 986 0E-Mail: kontakt@qurasoft.de Umsatzsteuer-ID Umsatzsteuer-Identifikationsnummer gem\u00e4\u00df \u00a7 27 a Umsatzsteuergesetz:DE301340994 EU-Streitschlichtung Die Europ\u00e4ische Kommission stellt eine Plattform zur Online-Streitbeilegung (OS) bereit: https:\/\/ec.europa.eu\/consumers\/odr. [&hellip;]\" \/>\n<meta property=\"og:url\" content=\"https:\/\/qurasoft.de\/es\/imprimir\/\" \/>\n<meta property=\"og:site_name\" content=\"Qurasoft - Personal Digital Medicine\" \/>\n<meta property=\"article:modified_time\" content=\"2025-07-17T20:56:51+00:00\" \/>\n<meta name=\"twitter:card\" content=\"summary_large_image\" \/>\n<meta name=\"twitter:site\" content=\"@SaniQApp\" \/>\n<meta name=\"twitter:label1\" content=\"Tiempo de lectura\" \/>\n\t<meta name=\"twitter:data1\" content=\"2 minutos\" \/>\n<script type=\"application\/ld+json\" class=\"yoast-schema-graph\">{\"@context\":\"https:\\\/\\\/schema.org\",\"@graph\":[{\"@type\":\"WebPage\",\"@id\":\"https:\\\/\\\/qurasoft.de\\\/impressum\\\/\",\"url\":\"https:\\\/\\\/qurasoft.de\\\/impressum\\\/\",\"name\":\"Impressum &#8211; Qurasoft - Personal Digital Medicine\",\"isPartOf\":{\"@id\":\"https:\\\/\\\/qurasoft.de\\\/#website\"},\"datePublished\":\"2023-03-04T12:16:29+00:00\",\"dateModified\":\"2025-07-17T20:56:51+00:00\",\"breadcrumb\":{\"@id\":\"https:\\\/\\\/qurasoft.de\\\/impressum\\\/#breadcrumb\"},\"inLanguage\":\"es\",\"potentialAction\":[{\"@type\":\"ReadAction\",\"target\":[\"https:\\\/\\\/qurasoft.de\\\/impressum\\\/\"]}]},{\"@type\":\"BreadcrumbList\",\"@id\":\"https:\\\/\\\/qurasoft.de\\\/impressum\\\/#breadcrumb\",\"itemListElement\":[{\"@type\":\"ListItem\",\"position\":1,\"name\":\"Startseite\",\"item\":\"https:\\\/\\\/qurasoft.de\\\/\"},{\"@type\":\"ListItem\",\"position\":2,\"name\":\"Impressum\"}]},{\"@type\":\"WebSite\",\"@id\":\"https:\\\/\\\/qurasoft.de\\\/#website\",\"url\":\"https:\\\/\\\/qurasoft.de\\\/\",\"name\":\"Qurasoft - Personal Digital Medicine\",\"description\":\"\",\"publisher\":{\"@id\":\"https:\\\/\\\/qurasoft.de\\\/#organization\"},\"potentialAction\":[{\"@type\":\"SearchAction\",\"target\":{\"@type\":\"EntryPoint\",\"urlTemplate\":\"https:\\\/\\\/qurasoft.de\\\/?s={search_term_string}\"},\"query-input\":{\"@type\":\"PropertyValueSpecification\",\"valueRequired\":true,\"valueName\":\"search_term_string\"}}],\"inLanguage\":\"es\"},{\"@type\":\"Organization\",\"@id\":\"https:\\\/\\\/qurasoft.de\\\/#organization\",\"name\":\"Qurasoft\",\"url\":\"https:\\\/\\\/qurasoft.de\\\/\",\"logo\":{\"@type\":\"ImageObject\",\"inLanguage\":\"es\",\"@id\":\"https:\\\/\\\/qurasoft.de\\\/#\\\/schema\\\/logo\\\/image\\\/\",\"url\":\"https:\\\/\\\/qurasoft.de\\\/wp-content\\\/uploads\\\/2024\\\/09\\\/Qurasoft_Logo.png\",\"contentUrl\":\"https:\\\/\\\/qurasoft.de\\\/wp-content\\\/uploads\\\/2024\\\/09\\\/Qurasoft_Logo.png\",\"width\":600,\"height\":600,\"caption\":\"Qurasoft\"},\"image\":{\"@id\":\"https:\\\/\\\/qurasoft.de\\\/#\\\/schema\\\/logo\\\/image\\\/\"},\"sameAs\":[\"https:\\\/\\\/x.com\\\/SaniQApp\",\"https:\\\/\\\/de.linkedin.com\\\/company\\\/qurasoft-gmbh\",\"https:\\\/\\\/www.instagram.com\\\/qurasoft\\\/\"]}]}<\/script>\n<!-- \/ Yoast SEO plugin. -->","yoast_head_json":{"title":"Pie de imprenta - Qurasoft - Medicina Personal Digital","robots":{"index":"index","follow":"follow","max-snippet":"max-snippet:-1","max-image-preview":"max-image-preview:large","max-video-preview":"max-video-preview:-1"},"canonical":"https:\/\/qurasoft.de\/es\/imprimir\/","og_locale":"es_ES","og_type":"article","og_title":"Impressum &#8211; Qurasoft - Personal Digital Medicine","og_description":"Impressum Angaben gem\u00e4\u00df \u00a7 5 TMG Qurasoft GmbHIm Metternicher Feld 30cD-56072 Koblenz am Rhein Handelsregister: HRB 24744Registergericht: Amtsgericht Koblenz Vertreten durch:Tobias Hastenteufel, Erwin Junker und Artur Schens Kontakt Telefon: (+49) 261 \u2013 134 986 0E-Mail: kontakt@qurasoft.de Umsatzsteuer-ID Umsatzsteuer-Identifikationsnummer gem\u00e4\u00df \u00a7 27 a Umsatzsteuergesetz:DE301340994 EU-Streitschlichtung Die Europ\u00e4ische Kommission stellt eine Plattform zur Online-Streitbeilegung (OS) bereit: https:\/\/ec.europa.eu\/consumers\/odr. [&hellip;]","og_url":"https:\/\/qurasoft.de\/es\/imprimir\/","og_site_name":"Qurasoft - Personal Digital Medicine","article_modified_time":"2025-07-17T20:56:51+00:00","twitter_card":"summary_large_image","twitter_site":"@SaniQApp","twitter_misc":{"Tiempo de lectura":"2 minutos"},"schema":{"@context":"https:\/\/schema.org","@graph":[{"@type":"WebPage","@id":"https:\/\/qurasoft.de\/impressum\/","url":"https:\/\/qurasoft.de\/impressum\/","name":"Pie de imprenta - Qurasoft - Medicina Personal Digital","isPartOf":{"@id":"https:\/\/qurasoft.de\/#website"},"datePublished":"2023-03-04T12:16:29+00:00","dateModified":"2025-07-17T20:56:51+00:00","breadcrumb":{"@id":"https:\/\/qurasoft.de\/impressum\/#breadcrumb"},"inLanguage":"es","potentialAction":[{"@type":"ReadAction","target":["https:\/\/qurasoft.de\/impressum\/"]}]},{"@type":"BreadcrumbList","@id":"https:\/\/qurasoft.de\/impressum\/#breadcrumb","itemListElement":[{"@type":"ListItem","position":1,"name":"Startseite","item":"https:\/\/qurasoft.de\/"},{"@type":"ListItem","position":2,"name":"Impressum"}]},{"@type":"WebSite","@id":"https:\/\/qurasoft.de\/#website","url":"https:\/\/qurasoft.de\/","name":"Qurasoft - Medicina digital personal","description":"","publisher":{"@id":"https:\/\/qurasoft.de\/#organization"},"potentialAction":[{"@type":"SearchAction","target":{"@type":"EntryPoint","urlTemplate":"https:\/\/qurasoft.de\/?s={search_term_string}"},"query-input":{"@type":"PropertyValueSpecification","valueRequired":true,"valueName":"search_term_string"}}],"inLanguage":"es"},{"@type":"Organization","@id":"https:\/\/qurasoft.de\/#organization","name":"Qurasoft","url":"https:\/\/qurasoft.de\/","logo":{"@type":"ImageObject","inLanguage":"es","@id":"https:\/\/qurasoft.de\/#\/schema\/logo\/image\/","url":"https:\/\/qurasoft.de\/wp-content\/uploads\/2024\/09\/Qurasoft_Logo.png","contentUrl":"https:\/\/qurasoft.de\/wp-content\/uploads\/2024\/09\/Qurasoft_Logo.png","width":600,"height":600,"caption":"Qurasoft"},"image":{"@id":"https:\/\/qurasoft.de\/#\/schema\/logo\/image\/"},"sameAs":["https:\/\/x.com\/SaniQApp","https:\/\/de.linkedin.com\/company\/qurasoft-gmbh","https:\/\/www.instagram.com\/qurasoft\/"]}]}},"_links":{"self":[{"href":"https:\/\/qurasoft.de\/es\/wp-json\/wp\/v2\/pages\/17","targetHints":{"allow":["GET"]}}],"collection":[{"href":"https:\/\/qurasoft.de\/es\/wp-json\/wp\/v2\/pages"}],"about":[{"href":"https:\/\/qurasoft.de\/es\/wp-json\/wp\/v2\/types\/page"}],"author":[{"embeddable":true,"href":"https:\/\/qurasoft.de\/es\/wp-json\/wp\/v2\/users\/1"}],"replies":[{"embeddable":true,"href":"https:\/\/qurasoft.de\/es\/wp-json\/wp\/v2\/comments?post=17"}],"version-history":[{"count":7,"href":"https:\/\/qurasoft.de\/es\/wp-json\/wp\/v2\/pages\/17\/revisions"}],"predecessor-version":[{"id":18414,"href":"https:\/\/qurasoft.de\/es\/wp-json\/wp\/v2\/pages\/17\/revisions\/18414"}],"wp:attachment":[{"href":"https:\/\/qurasoft.de\/es\/wp-json\/wp\/v2\/media?parent=17"}],"curies":[{"name":"wp","href":"https:\/\/api.w.org\/{rel}","templated":true}]}}