{"id":17,"date":"2023-03-04T13:16:29","date_gmt":"2023-03-04T12:16:29","guid":{"rendered":"https:\/\/saniq.org\/?page_id=17"},"modified":"2025-07-17T22:56:51","modified_gmt":"2025-07-17T20:56:51","slug":"impronta","status":"publish","type":"page","link":"https:\/\/qurasoft.de\/it\/impressum\/","title":{"rendered":"Impronta"},"content":{"rendered":"<div data-elementor-type=\"wp-page\" data-elementor-id=\"17\" class=\"elementor elementor-17\" data-elementor-settings=\"{&quot;ha_cmc_init_switcher&quot;:&quot;no&quot;}\" data-elementor-post-type=\"page\">\n\t\t\t\t\t\t<section class=\"elementor-section elementor-top-section elementor-element elementor-element-a5ef5ba elementor-section-boxed elementor-section-height-default elementor-section-height-default\" data-id=\"a5ef5ba\" data-element_type=\"section\" data-e-type=\"section\" data-settings=\"{&quot;_ha_eqh_enable&quot;:false}\">\n\t\t\t\t\t\t<div class=\"elementor-container elementor-column-gap-default\">\n\t\t\t\t\t<div class=\"elementor-column elementor-col-100 elementor-top-column elementor-element elementor-element-03e634b\" data-id=\"03e634b\" data-element_type=\"column\" data-e-type=\"column\">\n\t\t\t<div class=\"elementor-widget-wrap elementor-element-populated\">\n\t\t\t\t\t\t<div class=\"elementor-element elementor-element-60abd8a5 elementor-widget elementor-widget-heading\" data-id=\"60abd8a5\" data-element_type=\"widget\" data-e-type=\"widget\" data-widget_type=\"heading.default\">\n\t\t\t\t<div class=\"elementor-widget-container\">\n\t\t\t\t\t<h1 class=\"elementor-heading-title elementor-size-medium\">Impronta<\/h1>\t\t\t\t<\/div>\n\t\t\t\t<\/div>\n\t\t\t\t<div class=\"elementor-element elementor-element-10a687b0 elementor-widget elementor-widget-text-editor\" data-id=\"10a687b0\" data-element_type=\"widget\" data-e-type=\"widget\" data-widget_type=\"text-editor.default\">\n\t\t\t\t<div class=\"elementor-widget-container\">\n\t\t\t\t\t\t\t\t\t<h4>Informazioni ai sensi del \u00a7 5 TMG<\/h4>\n<p>Qurasoft GmbH<br>Im Metternicher Feld 30c<br>D-56072 Koblenz sul Reno<\/p>\n<p>Registro commerciale: HRB 24744<br>Tribunale del Registro: Tribunale locale di Koblenz<\/p>\n<p>Rappresentato da:<br>Tobias Hastenteufel, Erwin Junker e Artur Schens<\/p>\n<h4>Contatto<\/h4>\n<p>Telefono: (+49) 261 - 134 986 0<br>E-mail: kontakt@qurasoft.de<\/p>\n<h4>ID IVA<\/h4>\n<p>Numero di identificazione dell'imposta sulle vendite ai sensi del \u00a7 27 a della Legge tedesca sull'imposta sulle vendite:<br>DE301340994<\/p>\n<h4>Risoluzione delle controversie nell'UE<\/h4>\n<p>La Commissione europea offre una piattaforma per la risoluzione delle controversie online (ODR): https:\/\/ec.europa.eu\/consumers\/odr. Pu\u00f2 trovare il nostro indirizzo e-mail nell'impronta qui sopra.<\/p>\n<h4>Risoluzione delle controversie dei consumatori\/Comitato arbitrale universale<\/h4>\n<p>Non siamo disposti o obbligati a partecipare a procedure di risoluzione delle controversie davanti a un collegio arbitrale dei consumatori.<\/p>\n<h4>Responsabilit\u00e0 per i contenuti<\/h4>\n<p>In qualit\u00e0 di fornitore di servizi, siamo responsabili dei nostri contenuti su queste pagine, in conformit\u00e0 con la legislazione generale ai sensi dell'Articolo 7 (1) della Legge tedesca sui Telemedia (TMG). Tuttavia, in base ai \u00a7\u00a7 da 8 a 10 della TMG, non siamo obbligati, in qualit\u00e0 di fornitore di servizi, a monitorare le informazioni trasmesse o memorizzate da terzi o a indagare su circostanze che indicano un'attivit\u00e0 illegale.<\/p>\n<p>Gli obblighi di rimuovere o bloccare l'uso delle informazioni in conformit\u00e0 alle leggi generali rimangono inalterati. Tuttavia, la responsabilit\u00e0 in questo senso \u00e8 possibile solo a partire dal momento in cui si viene a conoscenza di una violazione concreta. Se veniamo a conoscenza di violazioni corrispondenti, rimuoveremo immediatamente questi contenuti.<\/p>\n<h4>Responsabilit\u00e0 per i link<\/h4>\n<p>La nostra offerta contiene link a siti web esterni di terzi, sui cui contenuti non abbiamo alcuna influenza.<\/p>\n<p>Pertanto, non possiamo assumerci alcuna responsabilit\u00e0 per questi contenuti esterni. Il rispettivo fornitore o gestore delle pagine \u00e8 sempre responsabile del contenuto delle pagine collegate. Le pagine collegate sono state controllate per verificare eventuali violazioni legali al momento del collegamento. I contenuti illegali non erano riconoscibili al momento del collegamento.<\/p>\n<p>Tuttavia, un controllo permanente dei contenuti delle pagine collegate non \u00e8 ragionevole senza prove concrete di una violazione della legge. Se veniamo a conoscenza di violazioni della legge, rimuoveremo immediatamente tali link.<\/p>\n<h4>Copyright<\/h4>\n<p>I contenuti e le opere create dagli operatori del sito in queste pagine sono soggetti alla legge tedesca sul copyright. La duplicazione, l'elaborazione, la distribuzione e qualsiasi tipo di sfruttamento al di fuori dei limiti della legge sul copyright richiedono il consenso scritto del rispettivo autore o creatore.<\/p>\n<p>I download e le copie di questa pagina sono consentiti solo per uso privato e non commerciale. Nella misura in cui i contenuti di questa pagina non sono stati creati dall'operatore, vengono rispettati i diritti d'autore di terzi. In particolare, i contenuti di terzi sono contrassegnati come tali. Se tuttavia dovesse venire a conoscenza di una violazione del copyright, la preghiamo di informarci di conseguenza. Se veniamo a conoscenza di violazioni, rimuoveremo immediatamente tali contenuti.<\/p>\t\t\t\t\t\t\t\t<\/div>\n\t\t\t\t<\/div>\n\t\t\t\t\t<\/div>\n\t\t<\/div>\n\t\t\t\t\t<\/div>\n\t\t<\/section>\n\t\t\t\t<\/div>","protected":false},"excerpt":{"rendered":"<p>Impressum Angaben gem\u00e4\u00df \u00a7 5 TMG Qurasoft GmbHIm Metternicher Feld 30cD-56072 Koblenz am Rhein Handelsregister: HRB 24744Registergericht: Amtsgericht Koblenz Vertreten durch:Tobias Hastenteufel, Erwin Junker und Artur Schens Kontakt Telefon: (+49) 261 \u2013 134 986 0E-Mail: kontakt@qurasoft.de Umsatzsteuer-ID Umsatzsteuer-Identifikationsnummer gem\u00e4\u00df \u00a7 27 a Umsatzsteuergesetz:DE301340994 EU-Streitschlichtung Die Europ\u00e4ische Kommission stellt eine Plattform zur Online-Streitbeilegung (OS) bereit: https:\/\/ec.europa.eu\/consumers\/odr. [&hellip;]<\/p>\n","protected":false},"author":1,"featured_media":0,"parent":0,"menu_order":497,"comment_status":"closed","ping_status":"closed","template":"","meta":{"footnotes":""},"class_list":["post-17","page","type-page","status-publish","hentry"],"yoast_head":"<!-- This site is optimized with the Yoast SEO plugin v27.3 - https:\/\/yoast.com\/product\/yoast-seo-wordpress\/ -->\n<title>Impressum &#8211; Qurasoft - Personal Digital Medicine<\/title>\n<meta name=\"robots\" content=\"index, follow, max-snippet:-1, max-image-preview:large, max-video-preview:-1\" \/>\n<link rel=\"canonical\" href=\"https:\/\/qurasoft.de\/it\/impronta\/\" \/>\n<meta property=\"og:locale\" content=\"it_IT\" \/>\n<meta property=\"og:type\" content=\"article\" \/>\n<meta property=\"og:title\" content=\"Impressum &#8211; Qurasoft - Personal Digital Medicine\" \/>\n<meta property=\"og:description\" content=\"Impressum Angaben gem\u00e4\u00df \u00a7 5 TMG Qurasoft GmbHIm Metternicher Feld 30cD-56072 Koblenz am Rhein Handelsregister: HRB 24744Registergericht: Amtsgericht Koblenz Vertreten durch:Tobias Hastenteufel, Erwin Junker und Artur Schens Kontakt Telefon: (+49) 261 \u2013 134 986 0E-Mail: kontakt@qurasoft.de Umsatzsteuer-ID Umsatzsteuer-Identifikationsnummer gem\u00e4\u00df \u00a7 27 a Umsatzsteuergesetz:DE301340994 EU-Streitschlichtung Die Europ\u00e4ische Kommission stellt eine Plattform zur Online-Streitbeilegung (OS) bereit: https:\/\/ec.europa.eu\/consumers\/odr. [&hellip;]\" \/>\n<meta property=\"og:url\" content=\"https:\/\/qurasoft.de\/it\/impronta\/\" \/>\n<meta property=\"og:site_name\" content=\"Qurasoft - Personal Digital Medicine\" \/>\n<meta property=\"article:modified_time\" content=\"2025-07-17T20:56:51+00:00\" \/>\n<meta name=\"twitter:card\" content=\"summary_large_image\" \/>\n<meta name=\"twitter:site\" content=\"@SaniQApp\" \/>\n<meta name=\"twitter:label1\" content=\"Tempo di lettura stimato\" \/>\n\t<meta name=\"twitter:data1\" content=\"2 minuti\" \/>\n<script type=\"application\/ld+json\" class=\"yoast-schema-graph\">{\"@context\":\"https:\\\/\\\/schema.org\",\"@graph\":[{\"@type\":\"WebPage\",\"@id\":\"https:\\\/\\\/qurasoft.de\\\/impressum\\\/\",\"url\":\"https:\\\/\\\/qurasoft.de\\\/impressum\\\/\",\"name\":\"Impressum &#8211; Qurasoft - Personal Digital Medicine\",\"isPartOf\":{\"@id\":\"https:\\\/\\\/qurasoft.de\\\/#website\"},\"datePublished\":\"2023-03-04T12:16:29+00:00\",\"dateModified\":\"2025-07-17T20:56:51+00:00\",\"breadcrumb\":{\"@id\":\"https:\\\/\\\/qurasoft.de\\\/impressum\\\/#breadcrumb\"},\"inLanguage\":\"it-IT\",\"potentialAction\":[{\"@type\":\"ReadAction\",\"target\":[\"https:\\\/\\\/qurasoft.de\\\/impressum\\\/\"]}]},{\"@type\":\"BreadcrumbList\",\"@id\":\"https:\\\/\\\/qurasoft.de\\\/impressum\\\/#breadcrumb\",\"itemListElement\":[{\"@type\":\"ListItem\",\"position\":1,\"name\":\"Startseite\",\"item\":\"https:\\\/\\\/qurasoft.de\\\/\"},{\"@type\":\"ListItem\",\"position\":2,\"name\":\"Impressum\"}]},{\"@type\":\"WebSite\",\"@id\":\"https:\\\/\\\/qurasoft.de\\\/#website\",\"url\":\"https:\\\/\\\/qurasoft.de\\\/\",\"name\":\"Qurasoft - Personal Digital Medicine\",\"description\":\"\",\"publisher\":{\"@id\":\"https:\\\/\\\/qurasoft.de\\\/#organization\"},\"potentialAction\":[{\"@type\":\"SearchAction\",\"target\":{\"@type\":\"EntryPoint\",\"urlTemplate\":\"https:\\\/\\\/qurasoft.de\\\/?s={search_term_string}\"},\"query-input\":{\"@type\":\"PropertyValueSpecification\",\"valueRequired\":true,\"valueName\":\"search_term_string\"}}],\"inLanguage\":\"it-IT\"},{\"@type\":\"Organization\",\"@id\":\"https:\\\/\\\/qurasoft.de\\\/#organization\",\"name\":\"Qurasoft\",\"url\":\"https:\\\/\\\/qurasoft.de\\\/\",\"logo\":{\"@type\":\"ImageObject\",\"inLanguage\":\"it-IT\",\"@id\":\"https:\\\/\\\/qurasoft.de\\\/#\\\/schema\\\/logo\\\/image\\\/\",\"url\":\"https:\\\/\\\/qurasoft.de\\\/wp-content\\\/uploads\\\/2024\\\/09\\\/Qurasoft_Logo.png\",\"contentUrl\":\"https:\\\/\\\/qurasoft.de\\\/wp-content\\\/uploads\\\/2024\\\/09\\\/Qurasoft_Logo.png\",\"width\":600,\"height\":600,\"caption\":\"Qurasoft\"},\"image\":{\"@id\":\"https:\\\/\\\/qurasoft.de\\\/#\\\/schema\\\/logo\\\/image\\\/\"},\"sameAs\":[\"https:\\\/\\\/x.com\\\/SaniQApp\",\"https:\\\/\\\/de.linkedin.com\\\/company\\\/qurasoft-gmbh\",\"https:\\\/\\\/www.instagram.com\\\/qurasoft\\\/\"]}]}<\/script>\n<!-- \/ Yoast SEO plugin. -->","yoast_head_json":{"title":"Imprint - Qurasoft - Medicina digitale personale","robots":{"index":"index","follow":"follow","max-snippet":"max-snippet:-1","max-image-preview":"max-image-preview:large","max-video-preview":"max-video-preview:-1"},"canonical":"https:\/\/qurasoft.de\/it\/impronta\/","og_locale":"it_IT","og_type":"article","og_title":"Impressum &#8211; Qurasoft - Personal Digital Medicine","og_description":"Impressum Angaben gem\u00e4\u00df \u00a7 5 TMG Qurasoft GmbHIm Metternicher Feld 30cD-56072 Koblenz am Rhein Handelsregister: HRB 24744Registergericht: Amtsgericht Koblenz Vertreten durch:Tobias Hastenteufel, Erwin Junker und Artur Schens Kontakt Telefon: (+49) 261 \u2013 134 986 0E-Mail: kontakt@qurasoft.de Umsatzsteuer-ID Umsatzsteuer-Identifikationsnummer gem\u00e4\u00df \u00a7 27 a Umsatzsteuergesetz:DE301340994 EU-Streitschlichtung Die Europ\u00e4ische Kommission stellt eine Plattform zur Online-Streitbeilegung (OS) bereit: https:\/\/ec.europa.eu\/consumers\/odr. [&hellip;]","og_url":"https:\/\/qurasoft.de\/it\/impronta\/","og_site_name":"Qurasoft - Personal Digital Medicine","article_modified_time":"2025-07-17T20:56:51+00:00","twitter_card":"summary_large_image","twitter_site":"@SaniQApp","twitter_misc":{"Tempo di lettura stimato":"2 minuti"},"schema":{"@context":"https:\/\/schema.org","@graph":[{"@type":"WebPage","@id":"https:\/\/qurasoft.de\/impressum\/","url":"https:\/\/qurasoft.de\/impressum\/","name":"Imprint - Qurasoft - Medicina digitale personale","isPartOf":{"@id":"https:\/\/qurasoft.de\/#website"},"datePublished":"2023-03-04T12:16:29+00:00","dateModified":"2025-07-17T20:56:51+00:00","breadcrumb":{"@id":"https:\/\/qurasoft.de\/impressum\/#breadcrumb"},"inLanguage":"it-IT","potentialAction":[{"@type":"ReadAction","target":["https:\/\/qurasoft.de\/impressum\/"]}]},{"@type":"BreadcrumbList","@id":"https:\/\/qurasoft.de\/impressum\/#breadcrumb","itemListElement":[{"@type":"ListItem","position":1,"name":"Startseite","item":"https:\/\/qurasoft.de\/"},{"@type":"ListItem","position":2,"name":"Impressum"}]},{"@type":"WebSite","@id":"https:\/\/qurasoft.de\/#website","url":"https:\/\/qurasoft.de\/","name":"Qurasoft - Medicina digitale personale","description":"","publisher":{"@id":"https:\/\/qurasoft.de\/#organization"},"potentialAction":[{"@type":"SearchAction","target":{"@type":"EntryPoint","urlTemplate":"https:\/\/qurasoft.de\/?s={search_term_string}"},"query-input":{"@type":"PropertyValueSpecification","valueRequired":true,"valueName":"search_term_string"}}],"inLanguage":"it-IT"},{"@type":"Organization","@id":"https:\/\/qurasoft.de\/#organization","name":"Qurasoft","url":"https:\/\/qurasoft.de\/","logo":{"@type":"ImageObject","inLanguage":"it-IT","@id":"https:\/\/qurasoft.de\/#\/schema\/logo\/image\/","url":"https:\/\/qurasoft.de\/wp-content\/uploads\/2024\/09\/Qurasoft_Logo.png","contentUrl":"https:\/\/qurasoft.de\/wp-content\/uploads\/2024\/09\/Qurasoft_Logo.png","width":600,"height":600,"caption":"Qurasoft"},"image":{"@id":"https:\/\/qurasoft.de\/#\/schema\/logo\/image\/"},"sameAs":["https:\/\/x.com\/SaniQApp","https:\/\/de.linkedin.com\/company\/qurasoft-gmbh","https:\/\/www.instagram.com\/qurasoft\/"]}]}},"_links":{"self":[{"href":"https:\/\/qurasoft.de\/it\/wp-json\/wp\/v2\/pages\/17","targetHints":{"allow":["GET"]}}],"collection":[{"href":"https:\/\/qurasoft.de\/it\/wp-json\/wp\/v2\/pages"}],"about":[{"href":"https:\/\/qurasoft.de\/it\/wp-json\/wp\/v2\/types\/page"}],"author":[{"embeddable":true,"href":"https:\/\/qurasoft.de\/it\/wp-json\/wp\/v2\/users\/1"}],"replies":[{"embeddable":true,"href":"https:\/\/qurasoft.de\/it\/wp-json\/wp\/v2\/comments?post=17"}],"version-history":[{"count":7,"href":"https:\/\/qurasoft.de\/it\/wp-json\/wp\/v2\/pages\/17\/revisions"}],"predecessor-version":[{"id":18414,"href":"https:\/\/qurasoft.de\/it\/wp-json\/wp\/v2\/pages\/17\/revisions\/18414"}],"wp:attachment":[{"href":"https:\/\/qurasoft.de\/it\/wp-json\/wp\/v2\/media?parent=17"}],"curies":[{"name":"wp","href":"https:\/\/api.w.org\/{rel}","templated":true}]}}