{"id":17,"date":"2023-03-04T13:16:29","date_gmt":"2023-03-04T12:16:29","guid":{"rendered":"https:\/\/saniq.org\/?page_id=17"},"modified":"2025-07-17T22:56:51","modified_gmt":"2025-07-17T20:56:51","slug":"odcisk","status":"publish","type":"page","link":"https:\/\/qurasoft.de\/pl\/impressum\/","title":{"rendered":"Nadruk"},"content":{"rendered":"<div data-elementor-type=\"wp-page\" data-elementor-id=\"17\" class=\"elementor elementor-17\" data-elementor-settings=\"{&quot;ha_cmc_init_switcher&quot;:&quot;no&quot;}\" data-elementor-post-type=\"page\">\n\t\t\t\t\t\t<section class=\"elementor-section elementor-top-section elementor-element elementor-element-a5ef5ba elementor-section-boxed elementor-section-height-default elementor-section-height-default\" data-id=\"a5ef5ba\" data-element_type=\"section\" data-e-type=\"section\" data-settings=\"{&quot;_ha_eqh_enable&quot;:false}\">\n\t\t\t\t\t\t<div class=\"elementor-container elementor-column-gap-default\">\n\t\t\t\t\t<div class=\"elementor-column elementor-col-100 elementor-top-column elementor-element elementor-element-03e634b\" data-id=\"03e634b\" data-element_type=\"column\" data-e-type=\"column\">\n\t\t\t<div class=\"elementor-widget-wrap elementor-element-populated\">\n\t\t\t\t\t\t<div class=\"elementor-element elementor-element-60abd8a5 elementor-widget elementor-widget-heading\" data-id=\"60abd8a5\" data-element_type=\"widget\" data-e-type=\"widget\" data-widget_type=\"heading.default\">\n\t\t\t\t<div class=\"elementor-widget-container\">\n\t\t\t\t\t<h1 class=\"elementor-heading-title elementor-size-medium\">Nadruk<\/h1>\t\t\t\t<\/div>\n\t\t\t\t<\/div>\n\t\t\t\t<div class=\"elementor-element elementor-element-10a687b0 elementor-widget elementor-widget-text-editor\" data-id=\"10a687b0\" data-element_type=\"widget\" data-e-type=\"widget\" data-widget_type=\"text-editor.default\">\n\t\t\t\t<div class=\"elementor-widget-container\">\n\t\t\t\t\t\t\t\t\t<h4>Informacje zgodnie z \u00a7 5 TMG<\/h4>\n<p>Qurasoft GmbH<br>Im Metternicher Feld 30c<br>D-56072 Koblencja nad Renem<\/p>\n<p>Rejestr handlowy: HRB 24744<br>S\u0105d Rejestrowy: S\u0105d Rejonowy w Koblencji<\/p>\n<p>Reprezentowany przez:<br>Tobias Hastenteufel, Erwin Junker i Artur Schens<\/p>\n<h4>Kontakt<\/h4>\n<p>Telefon: (+49) 261 - 134 986 0<br>E-mail: kontakt@qurasoft.de<\/p>\n<h4>NIP<\/h4>\n<p>Numer identyfikacyjny podatku od sprzeda\u017cy zgodnie z \u00a7 27 a niemieckiej ustawy o podatku od sprzeda\u017cy:<br>DE301340994<\/p>\n<h4>Rozwi\u0105zywanie spor\u00f3w w UE<\/h4>\n<p>Komisja Europejska udost\u0119pnia platform\u0119 do rozwi\u0105zywania spor\u00f3w online (ODR): https:\/\/ec.europa.eu\/consumers\/odr. Nasz adres e-mail znajd\u0105 Pa\u0144stwo w powy\u017cszym nadruku.<\/p>\n<h4>Rozstrzyganie spor\u00f3w konsumenckich\/Uniwersalna Rada Arbitra\u017cowa<\/h4>\n<p>Nie jeste\u015bmy sk\u0142onni ani zobowi\u0105zani do udzia\u0142u w post\u0119powaniu w sprawie rozstrzygania spor\u00f3w przed komisj\u0105 arbitra\u017cow\u0105 dla konsument\u00f3w.<\/p>\n<h4>Odpowiedzialno\u015b\u0107 za zawarto\u015b\u0107<\/h4>\n<p>Jako us\u0142ugodawca jeste\u015bmy odpowiedzialni za w\u0142asne tre\u015bci na tych stronach zgodnie z og\u00f3lnymi przepisami \u00a7 7 ust. 1 niemieckiej ustawy o telemediach (TMG). Jednak zgodnie z \u00a7\u00a7 8 do 10 TMG, jako us\u0142ugodawca nie jeste\u015bmy zobowi\u0105zani do monitorowania przekazywanych lub przechowywanych informacji os\u00f3b trzecich ani do badania okoliczno\u015bci wskazuj\u0105cych na nielegaln\u0105 dzia\u0142alno\u015b\u0107.<\/p>\n<p>Nie narusza to obowi\u0105zku usuni\u0119cia lub zablokowania korzystania z informacji zgodnie z przepisami og\u00f3lnymi. Odpowiedzialno\u015b\u0107 w tym zakresie jest jednak mo\u017cliwa dopiero od momentu powzi\u0119cia wiadomo\u015bci o konkretnym naruszeniu. W przypadku powzi\u0119cia wiadomo\u015bci o konkretnych naruszeniach prawa, natychmiast usuniemy te tre\u015bci.<\/p>\n<h4>Odpowiedzialno\u015b\u0107 za linki<\/h4>\n<p>Nasza oferta zawiera linki do zewn\u0119trznych stron internetowych os\u00f3b trzecich, na kt\u00f3rych tre\u015b\u0107 nie mamy wp\u0142ywu.<\/p>\n<p>Dlatego nie mo\u017cemy przej\u0105\u0107 \u017cadnej odpowiedzialno\u015bci za te zewn\u0119trzne tre\u015bci. Za tre\u015b\u0107 stron, do kt\u00f3rych odsy\u0142aj\u0105 linki, odpowiada zawsze dany oferent lub operator tych stron. Strony, do kt\u00f3rych odsy\u0142aj\u0105 linki, zosta\u0142y sprawdzone pod k\u0105tem ewentualnego naruszenia prawa w momencie umieszczania link\u00f3w. Nielegalne tre\u015bci nie by\u0142y rozpoznawalne w momencie umieszczania link\u00f3w.<\/p>\n<p>Sta\u0142a kontrola tre\u015bci stron, do kt\u00f3rych prowadz\u0105 linki, nie jest jednak uzasadniona bez konkretnych dowod\u00f3w na naruszenie prawa. Je\u017celi dowiemy si\u0119 o naruszeniu prawa, natychmiast usuniemy takie linki.<\/p>\n<h4>Copyright<\/h4>\n<p>Tre\u015bci i dzie\u0142a stworzone przez operator\u00f3w stron na tych stronach podlegaj\u0105 niemieckiemu prawu autorskiemu. Powielanie, przetwarzanie, rozpowszechnianie i wszelkiego rodzaju wykorzystywanie poza granicami prawa autorskiego wymaga pisemnej zgody danego autora lub tw\u00f3rcy.<\/p>\n<p>Pobieranie i kopiowanie tej strony jest dozwolone tylko do prywatnego, niekomercyjnego u\u017cytku. O ile tre\u015bci na tej stronie nie zosta\u0142y stworzone przez operatora, przestrzegane s\u0105 prawa autorskie os\u00f3b trzecich. W szczeg\u00f3lno\u015bci tre\u015bci os\u00f3b trzecich s\u0105 oznaczone jako takie. Je\u017celi mimo to dowiedz\u0105 si\u0119 Pa\u0144stwo o naruszeniu praw autorskich, prosz\u0119 nas o tym poinformowa\u0107. Je\u017celi dowiemy si\u0119 o naruszeniach, natychmiast usuniemy takie tre\u015bci.<\/p>\t\t\t\t\t\t\t\t<\/div>\n\t\t\t\t<\/div>\n\t\t\t\t\t<\/div>\n\t\t<\/div>\n\t\t\t\t\t<\/div>\n\t\t<\/section>\n\t\t\t\t<\/div>","protected":false},"excerpt":{"rendered":"<p>Impressum Angaben gem\u00e4\u00df \u00a7 5 TMG Qurasoft GmbHIm Metternicher Feld 30cD-56072 Koblenz am Rhein Handelsregister: HRB 24744Registergericht: Amtsgericht Koblenz Vertreten durch:Tobias Hastenteufel, Erwin Junker und Artur Schens Kontakt Telefon: (+49) 261 \u2013 134 986 0E-Mail: kontakt@qurasoft.de Umsatzsteuer-ID Umsatzsteuer-Identifikationsnummer gem\u00e4\u00df \u00a7 27 a Umsatzsteuergesetz:DE301340994 EU-Streitschlichtung Die Europ\u00e4ische Kommission stellt eine Plattform zur Online-Streitbeilegung (OS) bereit: https:\/\/ec.europa.eu\/consumers\/odr. [&hellip;]<\/p>\n","protected":false},"author":1,"featured_media":0,"parent":0,"menu_order":497,"comment_status":"closed","ping_status":"closed","template":"","meta":{"footnotes":""},"class_list":["post-17","page","type-page","status-publish","hentry"],"yoast_head":"<!-- This site is optimized with the Yoast SEO plugin v27.3 - https:\/\/yoast.com\/product\/yoast-seo-wordpress\/ -->\n<title>Impressum &#8211; Qurasoft - Personal Digital Medicine<\/title>\n<meta name=\"robots\" content=\"index, follow, max-snippet:-1, max-image-preview:large, max-video-preview:-1\" \/>\n<link rel=\"canonical\" href=\"https:\/\/qurasoft.de\/pl\/odcisk\/\" \/>\n<meta property=\"og:locale\" content=\"pl_PL\" \/>\n<meta property=\"og:type\" content=\"article\" \/>\n<meta property=\"og:title\" content=\"Impressum &#8211; Qurasoft - Personal Digital Medicine\" \/>\n<meta property=\"og:description\" content=\"Impressum Angaben gem\u00e4\u00df \u00a7 5 TMG Qurasoft GmbHIm Metternicher Feld 30cD-56072 Koblenz am Rhein Handelsregister: HRB 24744Registergericht: Amtsgericht Koblenz Vertreten durch:Tobias Hastenteufel, Erwin Junker und Artur Schens Kontakt Telefon: (+49) 261 \u2013 134 986 0E-Mail: kontakt@qurasoft.de Umsatzsteuer-ID Umsatzsteuer-Identifikationsnummer gem\u00e4\u00df \u00a7 27 a Umsatzsteuergesetz:DE301340994 EU-Streitschlichtung Die Europ\u00e4ische Kommission stellt eine Plattform zur Online-Streitbeilegung (OS) bereit: https:\/\/ec.europa.eu\/consumers\/odr. [&hellip;]\" \/>\n<meta property=\"og:url\" content=\"https:\/\/qurasoft.de\/pl\/odcisk\/\" \/>\n<meta property=\"og:site_name\" content=\"Qurasoft - Personal Digital Medicine\" \/>\n<meta property=\"article:modified_time\" content=\"2025-07-17T20:56:51+00:00\" \/>\n<meta name=\"twitter:card\" content=\"summary_large_image\" \/>\n<meta name=\"twitter:site\" content=\"@SaniQApp\" \/>\n<meta name=\"twitter:label1\" content=\"Szacowany czas czytania\" \/>\n\t<meta name=\"twitter:data1\" content=\"2 minuty\" \/>\n<script type=\"application\/ld+json\" class=\"yoast-schema-graph\">{\"@context\":\"https:\\\/\\\/schema.org\",\"@graph\":[{\"@type\":\"WebPage\",\"@id\":\"https:\\\/\\\/qurasoft.de\\\/impressum\\\/\",\"url\":\"https:\\\/\\\/qurasoft.de\\\/impressum\\\/\",\"name\":\"Impressum &#8211; Qurasoft - Personal Digital Medicine\",\"isPartOf\":{\"@id\":\"https:\\\/\\\/qurasoft.de\\\/#website\"},\"datePublished\":\"2023-03-04T12:16:29+00:00\",\"dateModified\":\"2025-07-17T20:56:51+00:00\",\"breadcrumb\":{\"@id\":\"https:\\\/\\\/qurasoft.de\\\/impressum\\\/#breadcrumb\"},\"inLanguage\":\"pl-PL\",\"potentialAction\":[{\"@type\":\"ReadAction\",\"target\":[\"https:\\\/\\\/qurasoft.de\\\/impressum\\\/\"]}]},{\"@type\":\"BreadcrumbList\",\"@id\":\"https:\\\/\\\/qurasoft.de\\\/impressum\\\/#breadcrumb\",\"itemListElement\":[{\"@type\":\"ListItem\",\"position\":1,\"name\":\"Startseite\",\"item\":\"https:\\\/\\\/qurasoft.de\\\/\"},{\"@type\":\"ListItem\",\"position\":2,\"name\":\"Impressum\"}]},{\"@type\":\"WebSite\",\"@id\":\"https:\\\/\\\/qurasoft.de\\\/#website\",\"url\":\"https:\\\/\\\/qurasoft.de\\\/\",\"name\":\"Qurasoft - Personal Digital Medicine\",\"description\":\"\",\"publisher\":{\"@id\":\"https:\\\/\\\/qurasoft.de\\\/#organization\"},\"potentialAction\":[{\"@type\":\"SearchAction\",\"target\":{\"@type\":\"EntryPoint\",\"urlTemplate\":\"https:\\\/\\\/qurasoft.de\\\/?s={search_term_string}\"},\"query-input\":{\"@type\":\"PropertyValueSpecification\",\"valueRequired\":true,\"valueName\":\"search_term_string\"}}],\"inLanguage\":\"pl-PL\"},{\"@type\":\"Organization\",\"@id\":\"https:\\\/\\\/qurasoft.de\\\/#organization\",\"name\":\"Qurasoft\",\"url\":\"https:\\\/\\\/qurasoft.de\\\/\",\"logo\":{\"@type\":\"ImageObject\",\"inLanguage\":\"pl-PL\",\"@id\":\"https:\\\/\\\/qurasoft.de\\\/#\\\/schema\\\/logo\\\/image\\\/\",\"url\":\"https:\\\/\\\/qurasoft.de\\\/wp-content\\\/uploads\\\/2024\\\/09\\\/Qurasoft_Logo.png\",\"contentUrl\":\"https:\\\/\\\/qurasoft.de\\\/wp-content\\\/uploads\\\/2024\\\/09\\\/Qurasoft_Logo.png\",\"width\":600,\"height\":600,\"caption\":\"Qurasoft\"},\"image\":{\"@id\":\"https:\\\/\\\/qurasoft.de\\\/#\\\/schema\\\/logo\\\/image\\\/\"},\"sameAs\":[\"https:\\\/\\\/x.com\\\/SaniQApp\",\"https:\\\/\\\/de.linkedin.com\\\/company\\\/qurasoft-gmbh\",\"https:\\\/\\\/www.instagram.com\\\/qurasoft\\\/\"]}]}<\/script>\n<!-- \/ Yoast SEO plugin. -->","yoast_head_json":{"title":"Imprint - Qurasoft - Cyfrowa medycyna osobista","robots":{"index":"index","follow":"follow","max-snippet":"max-snippet:-1","max-image-preview":"max-image-preview:large","max-video-preview":"max-video-preview:-1"},"canonical":"https:\/\/qurasoft.de\/pl\/odcisk\/","og_locale":"pl_PL","og_type":"article","og_title":"Impressum &#8211; Qurasoft - Personal Digital Medicine","og_description":"Impressum Angaben gem\u00e4\u00df \u00a7 5 TMG Qurasoft GmbHIm Metternicher Feld 30cD-56072 Koblenz am Rhein Handelsregister: HRB 24744Registergericht: Amtsgericht Koblenz Vertreten durch:Tobias Hastenteufel, Erwin Junker und Artur Schens Kontakt Telefon: (+49) 261 \u2013 134 986 0E-Mail: kontakt@qurasoft.de Umsatzsteuer-ID Umsatzsteuer-Identifikationsnummer gem\u00e4\u00df \u00a7 27 a Umsatzsteuergesetz:DE301340994 EU-Streitschlichtung Die Europ\u00e4ische Kommission stellt eine Plattform zur Online-Streitbeilegung (OS) bereit: https:\/\/ec.europa.eu\/consumers\/odr. [&hellip;]","og_url":"https:\/\/qurasoft.de\/pl\/odcisk\/","og_site_name":"Qurasoft - Personal Digital Medicine","article_modified_time":"2025-07-17T20:56:51+00:00","twitter_card":"summary_large_image","twitter_site":"@SaniQApp","twitter_misc":{"Szacowany czas czytania":"2 minuty"},"schema":{"@context":"https:\/\/schema.org","@graph":[{"@type":"WebPage","@id":"https:\/\/qurasoft.de\/impressum\/","url":"https:\/\/qurasoft.de\/impressum\/","name":"Imprint - Qurasoft - Cyfrowa medycyna osobista","isPartOf":{"@id":"https:\/\/qurasoft.de\/#website"},"datePublished":"2023-03-04T12:16:29+00:00","dateModified":"2025-07-17T20:56:51+00:00","breadcrumb":{"@id":"https:\/\/qurasoft.de\/impressum\/#breadcrumb"},"inLanguage":"pl-PL","potentialAction":[{"@type":"ReadAction","target":["https:\/\/qurasoft.de\/impressum\/"]}]},{"@type":"BreadcrumbList","@id":"https:\/\/qurasoft.de\/impressum\/#breadcrumb","itemListElement":[{"@type":"ListItem","position":1,"name":"Startseite","item":"https:\/\/qurasoft.de\/"},{"@type":"ListItem","position":2,"name":"Impressum"}]},{"@type":"WebSite","@id":"https:\/\/qurasoft.de\/#website","url":"https:\/\/qurasoft.de\/","name":"Qurasoft - cyfrowa medycyna osobista","description":"","publisher":{"@id":"https:\/\/qurasoft.de\/#organization"},"potentialAction":[{"@type":"SearchAction","target":{"@type":"EntryPoint","urlTemplate":"https:\/\/qurasoft.de\/?s={search_term_string}"},"query-input":{"@type":"PropertyValueSpecification","valueRequired":true,"valueName":"search_term_string"}}],"inLanguage":"pl-PL"},{"@type":"Organization","@id":"https:\/\/qurasoft.de\/#organization","name":"Qurasoft","url":"https:\/\/qurasoft.de\/","logo":{"@type":"ImageObject","inLanguage":"pl-PL","@id":"https:\/\/qurasoft.de\/#\/schema\/logo\/image\/","url":"https:\/\/qurasoft.de\/wp-content\/uploads\/2024\/09\/Qurasoft_Logo.png","contentUrl":"https:\/\/qurasoft.de\/wp-content\/uploads\/2024\/09\/Qurasoft_Logo.png","width":600,"height":600,"caption":"Qurasoft"},"image":{"@id":"https:\/\/qurasoft.de\/#\/schema\/logo\/image\/"},"sameAs":["https:\/\/x.com\/SaniQApp","https:\/\/de.linkedin.com\/company\/qurasoft-gmbh","https:\/\/www.instagram.com\/qurasoft\/"]}]}},"_links":{"self":[{"href":"https:\/\/qurasoft.de\/pl\/wp-json\/wp\/v2\/pages\/17","targetHints":{"allow":["GET"]}}],"collection":[{"href":"https:\/\/qurasoft.de\/pl\/wp-json\/wp\/v2\/pages"}],"about":[{"href":"https:\/\/qurasoft.de\/pl\/wp-json\/wp\/v2\/types\/page"}],"author":[{"embeddable":true,"href":"https:\/\/qurasoft.de\/pl\/wp-json\/wp\/v2\/users\/1"}],"replies":[{"embeddable":true,"href":"https:\/\/qurasoft.de\/pl\/wp-json\/wp\/v2\/comments?post=17"}],"version-history":[{"count":7,"href":"https:\/\/qurasoft.de\/pl\/wp-json\/wp\/v2\/pages\/17\/revisions"}],"predecessor-version":[{"id":18414,"href":"https:\/\/qurasoft.de\/pl\/wp-json\/wp\/v2\/pages\/17\/revisions\/18414"}],"wp:attachment":[{"href":"https:\/\/qurasoft.de\/pl\/wp-json\/wp\/v2\/media?parent=17"}],"curies":[{"name":"wp","href":"https:\/\/api.w.org\/{rel}","templated":true}]}}