{"id":17,"date":"2023-03-04T13:16:29","date_gmt":"2023-03-04T12:16:29","guid":{"rendered":"https:\/\/saniq.org\/?page_id=17"},"modified":"2025-07-17T22:56:51","modified_gmt":"2025-07-17T20:56:51","slug":"baski","status":"publish","type":"page","link":"https:\/\/qurasoft.de\/tr\/impressum\/","title":{"rendered":"K\u00fcnye"},"content":{"rendered":"<div data-elementor-type=\"wp-page\" data-elementor-id=\"17\" class=\"elementor elementor-17\" data-elementor-settings=\"{&quot;ha_cmc_init_switcher&quot;:&quot;no&quot;}\" data-elementor-post-type=\"page\">\n\t\t\t\t\t\t<section class=\"elementor-section elementor-top-section elementor-element elementor-element-a5ef5ba elementor-section-boxed elementor-section-height-default elementor-section-height-default\" data-id=\"a5ef5ba\" data-element_type=\"section\" data-e-type=\"section\" data-settings=\"{&quot;_ha_eqh_enable&quot;:false}\">\n\t\t\t\t\t\t<div class=\"elementor-container elementor-column-gap-default\">\n\t\t\t\t\t<div class=\"elementor-column elementor-col-100 elementor-top-column elementor-element elementor-element-03e634b\" data-id=\"03e634b\" data-element_type=\"column\" data-e-type=\"column\">\n\t\t\t<div class=\"elementor-widget-wrap elementor-element-populated\">\n\t\t\t\t\t\t<div class=\"elementor-element elementor-element-60abd8a5 elementor-widget elementor-widget-heading\" data-id=\"60abd8a5\" data-element_type=\"widget\" data-e-type=\"widget\" data-widget_type=\"heading.default\">\n\t\t\t\t<div class=\"elementor-widget-container\">\n\t\t\t\t\t<h1 class=\"elementor-heading-title elementor-size-medium\">K\u00fcnye<\/h1>\t\t\t\t<\/div>\n\t\t\t\t<\/div>\n\t\t\t\t<div class=\"elementor-element elementor-element-10a687b0 elementor-widget elementor-widget-text-editor\" data-id=\"10a687b0\" data-element_type=\"widget\" data-e-type=\"widget\" data-widget_type=\"text-editor.default\">\n\t\t\t\t<div class=\"elementor-widget-container\">\n\t\t\t\t\t\t\t\t\t<h4>TMG Madde 5 uyar\u0131nca bilgiler<\/h4>\n<p>Qurasoft GmbH<br>Im Metternicher Feld 30c<br>D-56072 Ren Nehri \u00fczerinde Koblenz<\/p>\n<p>Ticaret sicili: HRB 24744<br>Kay\u0131t Mahkemesi: Koblenz Yerel Mahkemesi<\/p>\n<p>Temsilci:<br>Tobias Hastenteufel, Erwin Junker ve Artur Schens<\/p>\n<h4>\u0130leti\u015fim<\/h4>\n<p>Telefon: (+49) 261 - 134 986 0<br>E-posta: kontakt@qurasoft.de<\/p>\n<h4>KDV KIMLI\u011eI<\/h4>\n<p>Alman Sat\u0131\u015f Vergisi Kanunu \u00a7 27 a uyar\u0131nca sat\u0131\u015f vergisi kimlik numaras\u0131:<br>DE301340994<\/p>\n<h4>AB uyu\u015fmazl\u0131k \u00e7\u00f6z\u00fcm\u00fc<\/h4>\n<p>Avrupa Komisyonu \u00e7evrimi\u00e7i uyu\u015fmazl\u0131k \u00e7\u00f6z\u00fcm\u00fc (ODR) i\u00e7in bir platform sunmaktad\u0131r: https:\/\/ec.europa.eu\/consumers\/odr. E-posta adresimizi yukar\u0131daki k\u00fcnyede bulabilirsiniz.<\/p>\n<h4>T\u00fcketici Uyu\u015fmazl\u0131klar\u0131n\u0131n \u00c7\u00f6z\u00fcm\u00fc \/ Evrensel Tahkim Kurulu<\/h4>\n<p>Bir t\u00fcketici hakem heyeti nezdindeki uyu\u015fmazl\u0131k \u00e7\u00f6z\u00fcm i\u015flemlerine kat\u0131lmaya istekli veya y\u00fck\u00fcml\u00fc de\u011filiz.<\/p>\n<h4>\u0130\u00e7indekiler i\u00e7in sorumluluk<\/h4>\n<p>Bir hizmet sa\u011flay\u0131c\u0131 olarak, Alman Telemedya Yasas\u0131 (TMG) Madde 7 (1) uyar\u0131nca genel mevzuata uygun olarak bu sayfalardaki kendi i\u00e7eri\u011fimizden sorumluyuz. Ancak, TMG \u00a7\u00a7 8 ila 10 uyar\u0131nca, bir hizmet sa\u011flay\u0131c\u0131 olarak iletilen veya saklanan \u00fc\u00e7\u00fcnc\u00fc taraf bilgilerini izlemek veya yasa d\u0131\u015f\u0131 faaliyetlere i\u015faret eden durumlar\u0131 ara\u015ft\u0131rmak zorunda de\u011filiz.<\/p>\n<p>Genel yasalar uyar\u0131nca bilgilerin kald\u0131r\u0131lmas\u0131 veya kullan\u0131m\u0131n\u0131n engellenmesi y\u00fck\u00fcml\u00fcl\u00fckleri bundan etkilenmez. Ancak, bu konudaki sorumluluk sadece somut bir ihlalin \u00f6\u011frenildi\u011fi andan itibaren m\u00fcmk\u00fcnd\u00fcr. Bu t\u00fcr ihlallerden haberdar olursak, bu i\u00e7eri\u011fi derhal kald\u0131raca\u011f\u0131z.<\/p>\n<h4>Ba\u011flant\u0131lar i\u00e7in sorumluluk<\/h4>\n<p>Teklifimiz, i\u00e7erikleri \u00fczerinde hi\u00e7bir etkimiz olmayan \u00fc\u00e7\u00fcnc\u00fc taraflar\u0131n harici web sitelerine ba\u011flant\u0131lar i\u00e7erir.<\/p>\n<p>Bu nedenle, bu harici i\u00e7erikler i\u00e7in herhangi bir sorumluluk kabul edemeyiz. Ba\u011flant\u0131s\u0131 verilen sayfalar\u0131n i\u00e7eri\u011finden her zaman sayfalar\u0131n ilgili sa\u011flay\u0131c\u0131s\u0131 veya operat\u00f6r\u00fc sorumludur. Ba\u011flant\u0131 verilen sayfalar, ba\u011flant\u0131 verildi\u011fi s\u0131rada olas\u0131 yasal ihlallere kar\u015f\u0131 kontrol edilmi\u015ftir. Ba\u011flant\u0131 s\u0131ras\u0131nda yasa d\u0131\u015f\u0131 i\u00e7erikler tespit edilememi\u015ftir.<\/p>\n<p>Ancak, yasalar\u0131n ihlal edildi\u011fine dair somut kan\u0131tlar olmadan ba\u011flant\u0131l\u0131 sayfalar\u0131n i\u00e7eri\u011finin kal\u0131c\u0131 olarak kontrol edilmesi makul de\u011fildir. Herhangi bir yasa ihlalinden haberdar olursak, bu t\u00fcr ba\u011flant\u0131lar\u0131 derhal kald\u0131raca\u011f\u0131z.<\/p>\n<h4>Telif Hakk\u0131<\/h4>\n<p>Site operat\u00f6rleri taraf\u0131ndan bu sayfalarda olu\u015fturulan i\u00e7erik ve eserler Alman telif hakk\u0131 yasas\u0131na tabidir. \u00c7o\u011faltma, i\u015fleme, da\u011f\u0131t\u0131m ve telif hakk\u0131 yasas\u0131n\u0131n s\u0131n\u0131rlar\u0131 d\u0131\u015f\u0131ndaki her t\u00fcrl\u00fc kullan\u0131m, ilgili yazar\u0131n veya yarat\u0131c\u0131n\u0131n yaz\u0131l\u0131 onay\u0131n\u0131 gerektirir.<\/p>\n<p>Bu sayfan\u0131n indirilmesine ve kopyalanmas\u0131na yaln\u0131zca \u00f6zel, ticari olmayan kullan\u0131m i\u00e7in izin verilir. Bu sayfadaki i\u00e7erik operat\u00f6r taraf\u0131ndan olu\u015fturulmad\u0131\u011f\u0131 s\u00fcrece, \u00fc\u00e7\u00fcnc\u00fc taraflar\u0131n telif haklar\u0131na sayg\u0131 duyulur. \u00d6zellikle, \u00fc\u00e7\u00fcnc\u00fc taraf i\u00e7eri\u011fi bu \u015fekilde i\u015faretlenmi\u015ftir. Yine de bir telif hakk\u0131 ihlalinden haberdar olursan\u0131z, l\u00fctfen bizi uygun \u015fekilde bilgilendirin. Herhangi bir ihlalden haberdar olursak, bu t\u00fcr i\u00e7eri\u011fi derhal kald\u0131raca\u011f\u0131z.<\/p>\t\t\t\t\t\t\t\t<\/div>\n\t\t\t\t<\/div>\n\t\t\t\t\t<\/div>\n\t\t<\/div>\n\t\t\t\t\t<\/div>\n\t\t<\/section>\n\t\t\t\t<\/div>","protected":false},"excerpt":{"rendered":"<p>Impressum Angaben gem\u00e4\u00df \u00a7 5 TMG Qurasoft GmbHIm Metternicher Feld 30cD-56072 Koblenz am Rhein Handelsregister: HRB 24744Registergericht: Amtsgericht Koblenz Vertreten durch:Tobias Hastenteufel, Erwin Junker und Artur Schens Kontakt Telefon: (+49) 261 \u2013 134 986 0E-Mail: kontakt@qurasoft.de Umsatzsteuer-ID Umsatzsteuer-Identifikationsnummer gem\u00e4\u00df \u00a7 27 a Umsatzsteuergesetz:DE301340994 EU-Streitschlichtung Die Europ\u00e4ische Kommission stellt eine Plattform zur Online-Streitbeilegung (OS) bereit: https:\/\/ec.europa.eu\/consumers\/odr. [&hellip;]<\/p>\n","protected":false},"author":1,"featured_media":0,"parent":0,"menu_order":497,"comment_status":"closed","ping_status":"closed","template":"","meta":{"footnotes":""},"class_list":["post-17","page","type-page","status-publish","hentry"],"yoast_head":"<!-- This site is optimized with the Yoast SEO plugin v27.3 - https:\/\/yoast.com\/product\/yoast-seo-wordpress\/ -->\n<title>Impressum &#8211; Qurasoft - Personal Digital Medicine<\/title>\n<meta name=\"robots\" content=\"index, follow, max-snippet:-1, max-image-preview:large, max-video-preview:-1\" \/>\n<link rel=\"canonical\" href=\"https:\/\/qurasoft.de\/tr\/baski\/\" \/>\n<meta property=\"og:locale\" content=\"tr_TR\" \/>\n<meta property=\"og:type\" content=\"article\" \/>\n<meta property=\"og:title\" content=\"Impressum &#8211; Qurasoft - Personal Digital Medicine\" \/>\n<meta property=\"og:description\" content=\"Impressum Angaben gem\u00e4\u00df \u00a7 5 TMG Qurasoft GmbHIm Metternicher Feld 30cD-56072 Koblenz am Rhein Handelsregister: HRB 24744Registergericht: Amtsgericht Koblenz Vertreten durch:Tobias Hastenteufel, Erwin Junker und Artur Schens Kontakt Telefon: (+49) 261 \u2013 134 986 0E-Mail: kontakt@qurasoft.de Umsatzsteuer-ID Umsatzsteuer-Identifikationsnummer gem\u00e4\u00df \u00a7 27 a Umsatzsteuergesetz:DE301340994 EU-Streitschlichtung Die Europ\u00e4ische Kommission stellt eine Plattform zur Online-Streitbeilegung (OS) bereit: https:\/\/ec.europa.eu\/consumers\/odr. [&hellip;]\" \/>\n<meta property=\"og:url\" content=\"https:\/\/qurasoft.de\/tr\/baski\/\" \/>\n<meta property=\"og:site_name\" content=\"Qurasoft - Personal Digital Medicine\" \/>\n<meta property=\"article:modified_time\" content=\"2025-07-17T20:56:51+00:00\" \/>\n<meta name=\"twitter:card\" content=\"summary_large_image\" \/>\n<meta name=\"twitter:site\" content=\"@SaniQApp\" \/>\n<meta name=\"twitter:label1\" content=\"Tahmini okuma s\u00fcresi\" \/>\n\t<meta name=\"twitter:data1\" content=\"2 dakika\" \/>\n<script type=\"application\/ld+json\" class=\"yoast-schema-graph\">{\"@context\":\"https:\\\/\\\/schema.org\",\"@graph\":[{\"@type\":\"WebPage\",\"@id\":\"https:\\\/\\\/qurasoft.de\\\/impressum\\\/\",\"url\":\"https:\\\/\\\/qurasoft.de\\\/impressum\\\/\",\"name\":\"Impressum &#8211; Qurasoft - Personal Digital Medicine\",\"isPartOf\":{\"@id\":\"https:\\\/\\\/qurasoft.de\\\/#website\"},\"datePublished\":\"2023-03-04T12:16:29+00:00\",\"dateModified\":\"2025-07-17T20:56:51+00:00\",\"breadcrumb\":{\"@id\":\"https:\\\/\\\/qurasoft.de\\\/impressum\\\/#breadcrumb\"},\"inLanguage\":\"tr\",\"potentialAction\":[{\"@type\":\"ReadAction\",\"target\":[\"https:\\\/\\\/qurasoft.de\\\/impressum\\\/\"]}]},{\"@type\":\"BreadcrumbList\",\"@id\":\"https:\\\/\\\/qurasoft.de\\\/impressum\\\/#breadcrumb\",\"itemListElement\":[{\"@type\":\"ListItem\",\"position\":1,\"name\":\"Startseite\",\"item\":\"https:\\\/\\\/qurasoft.de\\\/\"},{\"@type\":\"ListItem\",\"position\":2,\"name\":\"Impressum\"}]},{\"@type\":\"WebSite\",\"@id\":\"https:\\\/\\\/qurasoft.de\\\/#website\",\"url\":\"https:\\\/\\\/qurasoft.de\\\/\",\"name\":\"Qurasoft - Personal Digital Medicine\",\"description\":\"\",\"publisher\":{\"@id\":\"https:\\\/\\\/qurasoft.de\\\/#organization\"},\"potentialAction\":[{\"@type\":\"SearchAction\",\"target\":{\"@type\":\"EntryPoint\",\"urlTemplate\":\"https:\\\/\\\/qurasoft.de\\\/?s={search_term_string}\"},\"query-input\":{\"@type\":\"PropertyValueSpecification\",\"valueRequired\":true,\"valueName\":\"search_term_string\"}}],\"inLanguage\":\"tr\"},{\"@type\":\"Organization\",\"@id\":\"https:\\\/\\\/qurasoft.de\\\/#organization\",\"name\":\"Qurasoft\",\"url\":\"https:\\\/\\\/qurasoft.de\\\/\",\"logo\":{\"@type\":\"ImageObject\",\"inLanguage\":\"tr\",\"@id\":\"https:\\\/\\\/qurasoft.de\\\/#\\\/schema\\\/logo\\\/image\\\/\",\"url\":\"https:\\\/\\\/qurasoft.de\\\/wp-content\\\/uploads\\\/2024\\\/09\\\/Qurasoft_Logo.png\",\"contentUrl\":\"https:\\\/\\\/qurasoft.de\\\/wp-content\\\/uploads\\\/2024\\\/09\\\/Qurasoft_Logo.png\",\"width\":600,\"height\":600,\"caption\":\"Qurasoft\"},\"image\":{\"@id\":\"https:\\\/\\\/qurasoft.de\\\/#\\\/schema\\\/logo\\\/image\\\/\"},\"sameAs\":[\"https:\\\/\\\/x.com\\\/SaniQApp\",\"https:\\\/\\\/de.linkedin.com\\\/company\\\/qurasoft-gmbh\",\"https:\\\/\\\/www.instagram.com\\\/qurasoft\\\/\"]}]}<\/script>\n<!-- \/ Yoast SEO plugin. -->","yoast_head_json":{"title":"Impressum &#8211; Qurasoft - Personal Digital Medicine","robots":{"index":"index","follow":"follow","max-snippet":"max-snippet:-1","max-image-preview":"max-image-preview:large","max-video-preview":"max-video-preview:-1"},"canonical":"https:\/\/qurasoft.de\/tr\/baski\/","og_locale":"tr_TR","og_type":"article","og_title":"Impressum &#8211; Qurasoft - Personal Digital Medicine","og_description":"Impressum Angaben gem\u00e4\u00df \u00a7 5 TMG Qurasoft GmbHIm Metternicher Feld 30cD-56072 Koblenz am Rhein Handelsregister: HRB 24744Registergericht: Amtsgericht Koblenz Vertreten durch:Tobias Hastenteufel, Erwin Junker und Artur Schens Kontakt Telefon: (+49) 261 \u2013 134 986 0E-Mail: kontakt@qurasoft.de Umsatzsteuer-ID Umsatzsteuer-Identifikationsnummer gem\u00e4\u00df \u00a7 27 a Umsatzsteuergesetz:DE301340994 EU-Streitschlichtung Die Europ\u00e4ische Kommission stellt eine Plattform zur Online-Streitbeilegung (OS) bereit: https:\/\/ec.europa.eu\/consumers\/odr. [&hellip;]","og_url":"https:\/\/qurasoft.de\/tr\/baski\/","og_site_name":"Qurasoft - Personal Digital Medicine","article_modified_time":"2025-07-17T20:56:51+00:00","twitter_card":"summary_large_image","twitter_site":"@SaniQApp","twitter_misc":{"Tahmini okuma s\u00fcresi":"2 dakika"},"schema":{"@context":"https:\/\/schema.org","@graph":[{"@type":"WebPage","@id":"https:\/\/qurasoft.de\/impressum\/","url":"https:\/\/qurasoft.de\/impressum\/","name":"Impressum &#8211; Qurasoft - Personal Digital Medicine","isPartOf":{"@id":"https:\/\/qurasoft.de\/#website"},"datePublished":"2023-03-04T12:16:29+00:00","dateModified":"2025-07-17T20:56:51+00:00","breadcrumb":{"@id":"https:\/\/qurasoft.de\/impressum\/#breadcrumb"},"inLanguage":"tr","potentialAction":[{"@type":"ReadAction","target":["https:\/\/qurasoft.de\/impressum\/"]}]},{"@type":"BreadcrumbList","@id":"https:\/\/qurasoft.de\/impressum\/#breadcrumb","itemListElement":[{"@type":"ListItem","position":1,"name":"Startseite","item":"https:\/\/qurasoft.de\/"},{"@type":"ListItem","position":2,"name":"Impressum"}]},{"@type":"WebSite","@id":"https:\/\/qurasoft.de\/#website","url":"https:\/\/qurasoft.de\/","name":"Qurasoft - Ki\u015fisel Dijital T\u0131p","description":"","publisher":{"@id":"https:\/\/qurasoft.de\/#organization"},"potentialAction":[{"@type":"SearchAction","target":{"@type":"EntryPoint","urlTemplate":"https:\/\/qurasoft.de\/?s={search_term_string}"},"query-input":{"@type":"PropertyValueSpecification","valueRequired":true,"valueName":"search_term_string"}}],"inLanguage":"tr"},{"@type":"Organization","@id":"https:\/\/qurasoft.de\/#organization","name":"Qurasoft","url":"https:\/\/qurasoft.de\/","logo":{"@type":"ImageObject","inLanguage":"tr","@id":"https:\/\/qurasoft.de\/#\/schema\/logo\/image\/","url":"https:\/\/qurasoft.de\/wp-content\/uploads\/2024\/09\/Qurasoft_Logo.png","contentUrl":"https:\/\/qurasoft.de\/wp-content\/uploads\/2024\/09\/Qurasoft_Logo.png","width":600,"height":600,"caption":"Qurasoft"},"image":{"@id":"https:\/\/qurasoft.de\/#\/schema\/logo\/image\/"},"sameAs":["https:\/\/x.com\/SaniQApp","https:\/\/de.linkedin.com\/company\/qurasoft-gmbh","https:\/\/www.instagram.com\/qurasoft\/"]}]}},"_links":{"self":[{"href":"https:\/\/qurasoft.de\/tr\/wp-json\/wp\/v2\/pages\/17","targetHints":{"allow":["GET"]}}],"collection":[{"href":"https:\/\/qurasoft.de\/tr\/wp-json\/wp\/v2\/pages"}],"about":[{"href":"https:\/\/qurasoft.de\/tr\/wp-json\/wp\/v2\/types\/page"}],"author":[{"embeddable":true,"href":"https:\/\/qurasoft.de\/tr\/wp-json\/wp\/v2\/users\/1"}],"replies":[{"embeddable":true,"href":"https:\/\/qurasoft.de\/tr\/wp-json\/wp\/v2\/comments?post=17"}],"version-history":[{"count":7,"href":"https:\/\/qurasoft.de\/tr\/wp-json\/wp\/v2\/pages\/17\/revisions"}],"predecessor-version":[{"id":18414,"href":"https:\/\/qurasoft.de\/tr\/wp-json\/wp\/v2\/pages\/17\/revisions\/18414"}],"wp:attachment":[{"href":"https:\/\/qurasoft.de\/tr\/wp-json\/wp\/v2\/media?parent=17"}],"curies":[{"name":"wp","href":"https:\/\/api.w.org\/{rel}","templated":true}]}}