{"id":17210,"date":"2025-05-13T08:10:36","date_gmt":"2025-05-13T06:10:36","guid":{"rendered":"https:\/\/qurasoft.de\/?page_id=17210"},"modified":"2025-05-14T15:21:56","modified_gmt":"2025-05-14T13:21:56","slug":"loji%cc%87sti%cc%87k","status":"publish","type":"page","link":"https:\/\/qurasoft.de\/tr\/logistik\/","title":{"rendered":"Lojistik"},"content":{"rendered":"<div data-elementor-type=\"wp-page\" data-elementor-id=\"17210\" class=\"elementor elementor-17210\" data-elementor-settings=\"{&quot;ha_cmc_init_switcher&quot;:&quot;no&quot;}\" data-elementor-post-type=\"page\">\n\t\t\t\t\t\t<section class=\"elementor-section elementor-top-section elementor-element elementor-element-b684ee8 elementor-section-boxed elementor-section-height-default elementor-section-height-default\" data-id=\"b684ee8\" data-element_type=\"section\" data-e-type=\"section\" data-settings=\"{&quot;background_background&quot;:&quot;classic&quot;,&quot;_ha_eqh_enable&quot;:false}\">\n\t\t\t\t\t\t\t<div class=\"elementor-background-overlay\"><\/div>\n\t\t\t\t\t\t\t<div class=\"elementor-container elementor-column-gap-default\">\n\t\t\t\t\t<div class=\"elementor-column elementor-col-50 elementor-top-column elementor-element elementor-element-bcf7361\" data-id=\"bcf7361\" data-element_type=\"column\" data-e-type=\"column\">\n\t\t\t<div class=\"elementor-widget-wrap elementor-element-populated\">\n\t\t\t\t\t\t<div class=\"elementor-element elementor-element-f1c0d9b elementor-widget elementor-widget-text-editor\" data-id=\"f1c0d9b\" data-element_type=\"widget\" data-e-type=\"widget\" data-widget_type=\"text-editor.default\">\n\t\t\t\t<div class=\"elementor-widget-container\">\n\t\t\t\t\t\t\t\t\t<p>Lojistik<\/p>\t\t\t\t\t\t\t\t<\/div>\n\t\t\t\t<\/div>\n\t\t\t\t<div class=\"elementor-element elementor-element-aa9d435 elementor-widget elementor-widget-text-editor\" data-id=\"aa9d435\" data-element_type=\"widget\" data-e-type=\"widget\" data-widget_type=\"text-editor.default\">\n\t\t\t\t<div class=\"elementor-widget-container\">\n\t\t\t\t\t\t\t\t\t<p>T\u0131bbi tesisler i\u00e7in telemonitoringin t\u00fcm lojistik ve teknik y\u00f6nleriyle ilgileniyoruz - depolama ve sevkiyattan \u00f6l\u00e7\u00fcm cihazlar\u0131n\u0131n teknik bak\u0131m\u0131na kadar.\u00a0<\/p>\t\t\t\t\t\t\t\t<\/div>\n\t\t\t\t<\/div>\n\t\t\t\t\t<\/div>\n\t\t<\/div>\n\t\t\t\t<div class=\"elementor-column elementor-col-50 elementor-top-column elementor-element elementor-element-406cbdf\" data-id=\"406cbdf\" data-element_type=\"column\" data-e-type=\"column\">\n\t\t\t<div class=\"elementor-widget-wrap elementor-element-populated\">\n\t\t\t\t\t\t<div class=\"elementor-element elementor-element-62e2d76 e-transform elementor-widget elementor-widget-ha-image-stack-group happy-addon ha-image-stack-group\" data-id=\"62e2d76\" data-element_type=\"widget\" data-e-type=\"widget\" data-settings=\"{&quot;_transform_translateX_effect&quot;:{&quot;unit&quot;:&quot;px&quot;,&quot;size&quot;:&quot;&quot;,&quot;sizes&quot;:[]},&quot;_transform_translateX_effect_tablet&quot;:{&quot;unit&quot;:&quot;px&quot;,&quot;size&quot;:&quot;&quot;,&quot;sizes&quot;:[]},&quot;_transform_translateX_effect_mobile&quot;:{&quot;unit&quot;:&quot;px&quot;,&quot;size&quot;:&quot;&quot;,&quot;sizes&quot;:[]},&quot;_transform_translateY_effect&quot;:{&quot;unit&quot;:&quot;px&quot;,&quot;size&quot;:&quot;&quot;,&quot;sizes&quot;:[]},&quot;_transform_translateY_effect_tablet&quot;:{&quot;unit&quot;:&quot;px&quot;,&quot;size&quot;:&quot;&quot;,&quot;sizes&quot;:[]},&quot;_transform_translateY_effect_mobile&quot;:{&quot;unit&quot;:&quot;px&quot;,&quot;size&quot;:&quot;&quot;,&quot;sizes&quot;:[]}}\" data-widget_type=\"ha-image-stack-group.default\">\n\t\t\t\t<div class=\"elementor-widget-container\">\n\t\t\t\t\t\n\t\t<div class=\"ha-cig\">\n\t\t\t<span class=\"ha-cig-item ha-cig-item-outline elementor-repeater-item-d365509\" ><img decoding=\"async\" src=\"https:\/\/qurasoft.de\/wp-content\/uploads\/2025\/05\/Logistik-scaled-e1746604883109.jpeg\" alt=\"\"><\/span><span class=\"ha-cig-item ha-cig-item-outline elementor-repeater-item-7282350\" ><img decoding=\"async\" src=\"https:\/\/qurasoft.de\/wp-content\/uploads\/2025\/05\/Paket-Uebergabe-scaled-e1746604789999.jpeg\" alt=\"\"><\/span>\n\t\t<\/div>\n\n\t\t\t\t\t\t<\/div>\n\t\t\t\t<\/div>\n\t\t\t\t\t<\/div>\n\t\t<\/div>\n\t\t\t\t\t<\/div>\n\t\t<\/section>\n\t\t\t\t<section class=\"elementor-section elementor-top-section elementor-element elementor-element-da123f7 elementor-section-boxed elementor-section-height-default elementor-section-height-default\" data-id=\"da123f7\" data-element_type=\"section\" data-e-type=\"section\" data-settings=\"{&quot;background_background&quot;:&quot;classic&quot;,&quot;_ha_eqh_enable&quot;:false}\">\n\t\t\t\t\t\t<div class=\"elementor-container elementor-column-gap-default\">\n\t\t\t\t\t<div class=\"elementor-column elementor-col-100 elementor-top-column elementor-element elementor-element-69a612a\" data-id=\"69a612a\" data-element_type=\"column\" data-e-type=\"column\" data-settings=\"{&quot;background_background&quot;:&quot;classic&quot;}\">\n\t\t\t<div class=\"elementor-widget-wrap elementor-element-populated\">\n\t\t\t\t\t\t<div class=\"elementor-element elementor-element-7680326 elementor-widget elementor-widget-text-editor\" data-id=\"7680326\" data-element_type=\"widget\" data-e-type=\"widget\" data-widget_type=\"text-editor.default\">\n\t\t\t\t<div class=\"elementor-widget-container\">\n\t\t\t\t\t\t\t\t\t<p>Nas\u0131l \u00e7al\u0131\u015f\u0131r<\/p>\t\t\t\t\t\t\t\t<\/div>\n\t\t\t\t<\/div>\n\t\t\t\t<div class=\"elementor-element elementor-element-5f48db3 elementor-widget elementor-widget-text-editor\" data-id=\"5f48db3\" data-element_type=\"widget\" data-e-type=\"widget\" data-widget_type=\"text-editor.default\">\n\t\t\t\t<div class=\"elementor-widget-container\">\n\t\t\t\t\t\t\t\t\t<p><span class=\"NormalTextRun SCXW51172357 BCX8\">Her biri<\/span><span class=\"NormalTextRun SCXW51172357 BCX8\"> hastal\u0131ktan sonra<\/span><span class=\"NormalTextRun SCXW51172357 BCX8\"> hastalarimiz bi\u0307zden aliyor<\/span><span class=\"NormalTextRun SCXW51172357 BCX8\"> Hemen ba\u015flatmak i\u00e7in \u00f6nceden yap\u0131land\u0131r\u0131lm\u0131\u015f sens\u00f6rler (\u00f6rne\u011fin kan bas\u0131nc\u0131, kilo veya kalp ve akci\u011fer fonksiyonlar\u0131n\u0131 \u00f6l\u00e7en cihazlar). B\u00f6ylece<\/span><span class=\"NormalTextRun SCXW40604387 BCX8\"> i\u00e7in kurumsal \u00e7aba <\/span><span class=\"NormalTextRun SCXW40604387 BCX8\">Sen<\/span><span class=\"NormalTextRun SCXW40604387 BCX8\"> m\u00fcmk\u00fcn oldu\u011funca en aza indirilmi\u015f<\/span><span class=\"NormalTextRun SCXW40604387 BCX8\">Lojistik orta\u011f\u0131m\u0131z ile birlikte <\/span><span class=\"NormalTextRun SCXW40604387 BCX8\">tam<\/span><span class=\"NormalTextRun SCXW40604387 BCX8\">otomati\u0307k s\u00fcre\u00e7<\/span> <span class=\"NormalTextRun SCXW40604387 BCX8\">geli\u015fmi\u015f<\/span><span class=\"NormalTextRun SCXW40604387 BCX8\">:<\/span><\/p>\t\t\t\t\t\t\t\t<\/div>\n\t\t\t\t<\/div>\n\t\t\t\t\t<\/div>\n\t\t<\/div>\n\t\t\t\t\t<\/div>\n\t\t<\/section>\n\t\t\t\t<section class=\"elementor-section elementor-top-section elementor-element elementor-element-ee0febc elementor-section-boxed elementor-section-height-default elementor-section-height-default\" data-id=\"ee0febc\" data-element_type=\"section\" data-e-type=\"section\" data-settings=\"{&quot;background_background&quot;:&quot;classic&quot;,&quot;_ha_eqh_enable&quot;:false}\">\n\t\t\t\t\t\t<div class=\"elementor-container elementor-column-gap-default\">\n\t\t\t\t\t<div class=\"elementor-column elementor-col-33 elementor-top-column elementor-element elementor-element-4abe985\" data-id=\"4abe985\" data-element_type=\"column\" data-e-type=\"column\" data-settings=\"{&quot;background_background&quot;:&quot;classic&quot;}\">\n\t\t\t<div class=\"elementor-widget-wrap elementor-element-populated\">\n\t\t\t\t\t\t<div class=\"elementor-element elementor-element-8df30e5 ha-has-bg-overlay elementor-widget elementor-widget-ha-step-flow happy-addon ha-step-flow\" data-id=\"8df30e5\" data-element_type=\"widget\" data-e-type=\"widget\" data-widget_type=\"ha-step-flow.default\">\n\t\t\t\t<div class=\"elementor-widget-container\">\n\t\t\t\t\t\n\t\t<div class=\"ha-steps-icon\">\n\t\t\t\t\t\t\t<span class=\"ha-step-arrow\"><\/span>\n\t\t\t\n\t\t\t<i class=\"hm hm-user-plus\"><\/i>\n\t\t\t\t\t\t\t<span class=\"ha-steps-label\">Ad\u0131m 1<\/span>\n\t\t\t\t\t<\/div>\n\n\t\t<h2 class=\"ha-steps-title\">1. hasta olu\u015fturma<\/h2>\n\t\t\t\t\t<p class=\"ha-step-description\">SaniQ'da yeni bir hasta olu\u015fturdu\u011funuzda, sistem otomatik olarak uygun \u00f6l\u00e7\u00fcm cihazlar\u0131n\u0131n g\u00f6nderilmesini tetikler. <br><\/p>\n\t\t\n\t\t\t\t\t\t<\/div>\n\t\t\t\t<\/div>\n\t\t\t\t\t<\/div>\n\t\t<\/div>\n\t\t\t\t<div class=\"elementor-column elementor-col-33 elementor-top-column elementor-element elementor-element-971d06a\" data-id=\"971d06a\" data-element_type=\"column\" data-e-type=\"column\" data-settings=\"{&quot;background_background&quot;:&quot;classic&quot;}\">\n\t\t\t<div class=\"elementor-widget-wrap elementor-element-populated\">\n\t\t\t\t\t\t<div class=\"elementor-element elementor-element-ebf051e ha-has-bg-overlay elementor-widget elementor-widget-ha-step-flow happy-addon ha-step-flow\" data-id=\"ebf051e\" data-element_type=\"widget\" data-e-type=\"widget\" data-widget_type=\"ha-step-flow.default\">\n\t\t\t\t<div class=\"elementor-widget-container\">\n\t\t\t\t\t\n\t\t<div class=\"ha-steps-icon\">\n\t\t\t\t\t\t\t<span class=\"ha-step-arrow\"><\/span>\n\t\t\t\n\t\t\t<i class=\"hm hm-shipping-address\"><\/i>\n\t\t\t\t\t\t\t<span class=\"ha-steps-label\">Ad\u0131m 2<\/span>\n\t\t\t\t\t<\/div>\n\n\t\t<h2 class=\"ha-steps-title\">2. Cihazlar\u0131n sevkiyat\u0131<\/h2>\n\t\t\t\t\t<p class=\"ha-step-description\">\u00d6l\u00e7\u00fcm cihazlar\u0131 ve SaniQ ile telemonitoring ger\u00e7ekle\u015ftirme talimatlar\u0131 genellikle ayn\u0131 g\u00fcn depodan \u00e7\u0131kar.<\/p>\n\t\t\n\t\t\t\t\t\t<\/div>\n\t\t\t\t<\/div>\n\t\t\t\t\t<\/div>\n\t\t<\/div>\n\t\t\t\t<div class=\"elementor-column elementor-col-33 elementor-top-column elementor-element elementor-element-8aee87e\" data-id=\"8aee87e\" data-element_type=\"column\" data-e-type=\"column\">\n\t\t\t<div class=\"elementor-widget-wrap elementor-element-populated\">\n\t\t\t\t\t\t<div class=\"elementor-element elementor-element-6050a40 ha-has-bg-overlay elementor-widget elementor-widget-ha-step-flow happy-addon ha-step-flow\" data-id=\"6050a40\" data-element_type=\"widget\" data-e-type=\"widget\" data-widget_type=\"ha-step-flow.default\">\n\t\t\t\t<div class=\"elementor-widget-container\">\n\t\t\t\t\t\n\t\t<div class=\"ha-steps-icon\">\n\t\t\t\n\t\t\t<i class=\"hm hm-tools\"><\/i>\n\t\t\t\t\t\t\t<span class=\"ha-steps-label\">Ad\u0131m 3<\/span>\n\t\t\t\t\t<\/div>\n\n\t\t<h2 class=\"ha-steps-title\">3. tekni\u0307k bakim<\/h2>\n\t\t\t\t\t<p class=\"ha-step-description\">Teknik sorunlar\u0131n ortaya \u00e7\u0131kmas\u0131 durumunda, cihazlar\u0131n bak\u0131m\u0131 veya de\u011fi\u015ftirilmesi ile ilgilenece\u011fiz. <br><br><\/p>\n\t\t\n\t\t\t\t\t\t<\/div>\n\t\t\t\t<\/div>\n\t\t\t\t\t<\/div>\n\t\t<\/div>\n\t\t\t\t\t<\/div>\n\t\t<\/section>\n\t\t\t\t<section class=\"elementor-section elementor-top-section elementor-element elementor-element-341bb6e elementor-section-content-middle elementor-section-boxed elementor-section-height-default elementor-section-height-default\" data-id=\"341bb6e\" data-element_type=\"section\" data-e-type=\"section\" data-settings=\"{&quot;background_background&quot;:&quot;classic&quot;,&quot;_ha_eqh_enable&quot;:false}\">\n\t\t\t\t\t\t<div class=\"elementor-container elementor-column-gap-no\">\n\t\t\t\t\t<div class=\"elementor-column elementor-col-50 elementor-top-column elementor-element elementor-element-805cfac\" data-id=\"805cfac\" data-element_type=\"column\" data-e-type=\"column\">\n\t\t\t<div class=\"elementor-widget-wrap elementor-element-populated\">\n\t\t\t\t\t\t<div class=\"elementor-element elementor-element-1a5bd36 elementor-widget elementor-widget-heading\" data-id=\"1a5bd36\" data-element_type=\"widget\" data-e-type=\"widget\" data-widget_type=\"heading.default\">\n\t\t\t\t<div class=\"elementor-widget-container\">\n\t\t\t\t\t<h2 class=\"elementor-heading-title elementor-size-default\">Telemonitoring art\u0131k \u00e7ok kolay<\/h2>\t\t\t\t<\/div>\n\t\t\t\t<\/div>\n\t\t\t\t<div class=\"elementor-element elementor-element-17a1e31 elementor-widget elementor-widget-text-editor\" data-id=\"17a1e31\" data-element_type=\"widget\" data-e-type=\"widget\" data-widget_type=\"text-editor.default\">\n\t\t\t\t<div class=\"elementor-widget-container\">\n\t\t\t\t\t\t\t\t\t<p>G\u00fcvenilir lojistik s\u00fcrecimiz sizi ve hastalar\u0131n\u0131z\u0131 telemonitoringin lojistik ve teknik y\u00fck\u00fcnden tamamen kurtar\u0131r.<\/p><p><strong>Bu da size temel konular i\u00e7in de\u011ferli zaman kazand\u0131r\u0131r: hastalar\u0131n\u0131za m\u00fcmk\u00fcn olan en iyi bak\u0131m\u0131 sunmak.<\/strong><\/p>\t\t\t\t\t\t\t\t<\/div>\n\t\t\t\t<\/div>\n\t\t\t\t\t<\/div>\n\t\t<\/div>\n\t\t\t\t<div class=\"elementor-column elementor-col-50 elementor-top-column elementor-element elementor-element-d9a9453\" data-id=\"d9a9453\" data-element_type=\"column\" data-e-type=\"column\">\n\t\t\t<div class=\"elementor-widget-wrap elementor-element-populated\">\n\t\t\t\t\t\t<div class=\"elementor-element elementor-element-8d46c87 e-transform elementor-widget elementor-widget-ha-image-stack-group happy-addon ha-image-stack-group\" data-id=\"8d46c87\" data-element_type=\"widget\" data-e-type=\"widget\" data-settings=\"{&quot;_transform_translateX_effect&quot;:{&quot;unit&quot;:&quot;px&quot;,&quot;size&quot;:&quot;&quot;,&quot;sizes&quot;:[]},&quot;_transform_translateX_effect_tablet&quot;:{&quot;unit&quot;:&quot;px&quot;,&quot;size&quot;:&quot;&quot;,&quot;sizes&quot;:[]},&quot;_transform_translateX_effect_mobile&quot;:{&quot;unit&quot;:&quot;px&quot;,&quot;size&quot;:&quot;&quot;,&quot;sizes&quot;:[]},&quot;_transform_translateY_effect&quot;:{&quot;unit&quot;:&quot;px&quot;,&quot;size&quot;:&quot;&quot;,&quot;sizes&quot;:[]},&quot;_transform_translateY_effect_tablet&quot;:{&quot;unit&quot;:&quot;px&quot;,&quot;size&quot;:&quot;&quot;,&quot;sizes&quot;:[]},&quot;_transform_translateY_effect_mobile&quot;:{&quot;unit&quot;:&quot;px&quot;,&quot;size&quot;:&quot;&quot;,&quot;sizes&quot;:[]}}\" data-widget_type=\"ha-image-stack-group.default\">\n\t\t\t\t<div class=\"elementor-widget-container\">\n\t\t\t\t\t\n\t\t<div class=\"ha-cig\">\n\t\t\t<span class=\"ha-cig-item ha-cig-item-outline elementor-repeater-item-7282350\" ><img decoding=\"async\" src=\"https:\/\/qurasoft.de\/wp-content\/uploads\/2025\/05\/Blutdruck-messen-1-scaled.jpeg\" alt=\"\"><\/span><span class=\"ha-cig-item ha-cig-item-outline elementor-repeater-item-d365509\" ><img decoding=\"async\" src=\"https:\/\/qurasoft.de\/wp-content\/uploads\/2024\/05\/AdobeStock_393558288-scaled-e1715949085514.jpeg\" alt=\"\"><\/span>\n\t\t<\/div>\n\n\t\t\t\t\t\t<\/div>\n\t\t\t\t<\/div>\n\t\t\t\t\t<\/div>\n\t\t<\/div>\n\t\t\t\t\t<\/div>\n\t\t<\/section>\n\t\t\t\t<\/div>","protected":false},"excerpt":{"rendered":"<p>Logistik Wir \u00fcbernehmen f\u00fcr medizinische Einrichtungen den kompletten logistischen und technischen Aufwand des Telemonitorings \u2013 von der Lagerung und vom Versand bis hin zur technischen Wartung der Messger\u00e4te.\u00a0 So funktioniert&#8217;s Je nach Erkrankung erhalten die Patienten von uns vorkonfigurierte Sensorik zum sofortigen Start ( z.B. Ger\u00e4te zum Messen von Blutdruck, Gewicht oder Herz- und Lungenfunktion). [&hellip;]<\/p>\n","protected":false},"author":1,"featured_media":0,"parent":0,"menu_order":0,"comment_status":"closed","ping_status":"closed","template":"","meta":{"footnotes":""},"class_list":["post-17210","page","type-page","status-publish","hentry"],"yoast_head":"<!-- This site is optimized with the Yoast SEO plugin v27.3 - https:\/\/yoast.com\/product\/yoast-seo-wordpress\/ -->\n<title>SaniQ Logistik<\/title>\n<meta name=\"description\" content=\"Wir \u00fcbernehmen f\u00fcr Sie den kompletten logistischen und technischen Aufwand des Telemonitorings \u2013 Lagerung, Versand &amp; Wartung.\" \/>\n<meta name=\"robots\" content=\"noindex, nofollow\" \/>\n<meta property=\"og:locale\" content=\"tr_TR\" \/>\n<meta property=\"og:type\" content=\"article\" \/>\n<meta property=\"og:title\" content=\"SaniQ Logistik\" \/>\n<meta property=\"og:description\" content=\"Wir \u00fcbernehmen f\u00fcr Sie den kompletten logistischen und technischen Aufwand des Telemonitorings \u2013 Lagerung, Versand &amp; Wartung.\" \/>\n<meta property=\"og:url\" content=\"https:\/\/qurasoft.de\/tr\/loji\u0307sti\u0307k\/\" \/>\n<meta property=\"og:site_name\" content=\"Qurasoft - Personal Digital Medicine\" \/>\n<meta property=\"article:modified_time\" content=\"2025-05-14T13:21:56+00:00\" \/>\n<meta property=\"og:image\" content=\"https:\/\/qurasoft.de\/wp-content\/uploads\/2025\/05\/Logistik-scaled-e1746604883109.jpeg\" \/>\n<meta name=\"twitter:card\" content=\"summary_large_image\" \/>\n<meta name=\"twitter:site\" content=\"@SaniQApp\" \/>\n<meta name=\"twitter:label1\" content=\"Tahmini okuma s\u00fcresi\" \/>\n\t<meta name=\"twitter:data1\" content=\"1 dakika\" \/>\n<script type=\"application\/ld+json\" class=\"yoast-schema-graph\">{\"@context\":\"https:\\\/\\\/schema.org\",\"@graph\":[{\"@type\":\"WebPage\",\"@id\":\"https:\\\/\\\/qurasoft.de\\\/logistik\\\/\",\"url\":\"https:\\\/\\\/qurasoft.de\\\/logistik\\\/\",\"name\":\"SaniQ Logistik\",\"isPartOf\":{\"@id\":\"https:\\\/\\\/qurasoft.de\\\/#website\"},\"primaryImageOfPage\":{\"@id\":\"https:\\\/\\\/qurasoft.de\\\/logistik\\\/#primaryimage\"},\"image\":{\"@id\":\"https:\\\/\\\/qurasoft.de\\\/logistik\\\/#primaryimage\"},\"thumbnailUrl\":\"https:\\\/\\\/qurasoft.de\\\/wp-content\\\/uploads\\\/2025\\\/05\\\/Logistik-scaled-e1746604883109.jpeg\",\"datePublished\":\"2025-05-13T06:10:36+00:00\",\"dateModified\":\"2025-05-14T13:21:56+00:00\",\"description\":\"Wir \u00fcbernehmen f\u00fcr Sie den kompletten logistischen und technischen Aufwand des Telemonitorings \u2013 Lagerung, Versand & Wartung.\",\"breadcrumb\":{\"@id\":\"https:\\\/\\\/qurasoft.de\\\/logistik\\\/#breadcrumb\"},\"inLanguage\":\"tr\",\"potentialAction\":[{\"@type\":\"ReadAction\",\"target\":[\"https:\\\/\\\/qurasoft.de\\\/logistik\\\/\"]}]},{\"@type\":\"ImageObject\",\"inLanguage\":\"tr\",\"@id\":\"https:\\\/\\\/qurasoft.de\\\/logistik\\\/#primaryimage\",\"url\":\"https:\\\/\\\/qurasoft.de\\\/wp-content\\\/uploads\\\/2025\\\/05\\\/Logistik-scaled-e1746604883109.jpeg\",\"contentUrl\":\"https:\\\/\\\/qurasoft.de\\\/wp-content\\\/uploads\\\/2025\\\/05\\\/Logistik-scaled-e1746604883109.jpeg\"},{\"@type\":\"BreadcrumbList\",\"@id\":\"https:\\\/\\\/qurasoft.de\\\/logistik\\\/#breadcrumb\",\"itemListElement\":[{\"@type\":\"ListItem\",\"position\":1,\"name\":\"Startseite\",\"item\":\"https:\\\/\\\/qurasoft.de\\\/\"},{\"@type\":\"ListItem\",\"position\":2,\"name\":\"Logistik\"}]},{\"@type\":\"WebSite\",\"@id\":\"https:\\\/\\\/qurasoft.de\\\/#website\",\"url\":\"https:\\\/\\\/qurasoft.de\\\/\",\"name\":\"Qurasoft - Personal Digital Medicine\",\"description\":\"\",\"publisher\":{\"@id\":\"https:\\\/\\\/qurasoft.de\\\/#organization\"},\"potentialAction\":[{\"@type\":\"SearchAction\",\"target\":{\"@type\":\"EntryPoint\",\"urlTemplate\":\"https:\\\/\\\/qurasoft.de\\\/?s={search_term_string}\"},\"query-input\":{\"@type\":\"PropertyValueSpecification\",\"valueRequired\":true,\"valueName\":\"search_term_string\"}}],\"inLanguage\":\"tr\"},{\"@type\":\"Organization\",\"@id\":\"https:\\\/\\\/qurasoft.de\\\/#organization\",\"name\":\"Qurasoft\",\"url\":\"https:\\\/\\\/qurasoft.de\\\/\",\"logo\":{\"@type\":\"ImageObject\",\"inLanguage\":\"tr\",\"@id\":\"https:\\\/\\\/qurasoft.de\\\/#\\\/schema\\\/logo\\\/image\\\/\",\"url\":\"https:\\\/\\\/qurasoft.de\\\/wp-content\\\/uploads\\\/2024\\\/09\\\/Qurasoft_Logo.png\",\"contentUrl\":\"https:\\\/\\\/qurasoft.de\\\/wp-content\\\/uploads\\\/2024\\\/09\\\/Qurasoft_Logo.png\",\"width\":600,\"height\":600,\"caption\":\"Qurasoft\"},\"image\":{\"@id\":\"https:\\\/\\\/qurasoft.de\\\/#\\\/schema\\\/logo\\\/image\\\/\"},\"sameAs\":[\"https:\\\/\\\/x.com\\\/SaniQApp\",\"https:\\\/\\\/de.linkedin.com\\\/company\\\/qurasoft-gmbh\",\"https:\\\/\\\/www.instagram.com\\\/qurasoft\\\/\"]}]}<\/script>\n<!-- \/ Yoast SEO plugin. -->","yoast_head_json":{"title":"SaniQ Lojistik","description":"Sizin i\u00e7in telemonitoringin t\u00fcm lojistik ve teknik y\u00f6nleriyle ilgileniyoruz - depolama, sevkiyat ve bak\u0131m.","robots":{"index":"noindex","follow":"nofollow"},"og_locale":"tr_TR","og_type":"article","og_title":"SaniQ Logistik","og_description":"Wir \u00fcbernehmen f\u00fcr Sie den kompletten logistischen und technischen Aufwand des Telemonitorings \u2013 Lagerung, Versand & Wartung.","og_url":"https:\/\/qurasoft.de\/tr\/loji\u0307sti\u0307k\/","og_site_name":"Qurasoft - Personal Digital Medicine","article_modified_time":"2025-05-14T13:21:56+00:00","og_image":[{"url":"https:\/\/qurasoft.de\/wp-content\/uploads\/2025\/05\/Logistik-scaled-e1746604883109.jpeg","type":"","width":"","height":""}],"twitter_card":"summary_large_image","twitter_site":"@SaniQApp","twitter_misc":{"Tahmini okuma s\u00fcresi":"1 dakika"},"schema":{"@context":"https:\/\/schema.org","@graph":[{"@type":"WebPage","@id":"https:\/\/qurasoft.de\/logistik\/","url":"https:\/\/qurasoft.de\/logistik\/","name":"SaniQ Lojistik","isPartOf":{"@id":"https:\/\/qurasoft.de\/#website"},"primaryImageOfPage":{"@id":"https:\/\/qurasoft.de\/logistik\/#primaryimage"},"image":{"@id":"https:\/\/qurasoft.de\/logistik\/#primaryimage"},"thumbnailUrl":"https:\/\/qurasoft.de\/wp-content\/uploads\/2025\/05\/Logistik-scaled-e1746604883109.jpeg","datePublished":"2025-05-13T06:10:36+00:00","dateModified":"2025-05-14T13:21:56+00:00","description":"Sizin i\u00e7in telemonitoringin t\u00fcm lojistik ve teknik y\u00f6nleriyle ilgileniyoruz - depolama, sevkiyat ve bak\u0131m.","breadcrumb":{"@id":"https:\/\/qurasoft.de\/logistik\/#breadcrumb"},"inLanguage":"tr","potentialAction":[{"@type":"ReadAction","target":["https:\/\/qurasoft.de\/logistik\/"]}]},{"@type":"ImageObject","inLanguage":"tr","@id":"https:\/\/qurasoft.de\/logistik\/#primaryimage","url":"https:\/\/qurasoft.de\/wp-content\/uploads\/2025\/05\/Logistik-scaled-e1746604883109.jpeg","contentUrl":"https:\/\/qurasoft.de\/wp-content\/uploads\/2025\/05\/Logistik-scaled-e1746604883109.jpeg"},{"@type":"BreadcrumbList","@id":"https:\/\/qurasoft.de\/logistik\/#breadcrumb","itemListElement":[{"@type":"ListItem","position":1,"name":"Startseite","item":"https:\/\/qurasoft.de\/"},{"@type":"ListItem","position":2,"name":"Logistik"}]},{"@type":"WebSite","@id":"https:\/\/qurasoft.de\/#website","url":"https:\/\/qurasoft.de\/","name":"Qurasoft - Ki\u015fisel Dijital T\u0131p","description":"","publisher":{"@id":"https:\/\/qurasoft.de\/#organization"},"potentialAction":[{"@type":"SearchAction","target":{"@type":"EntryPoint","urlTemplate":"https:\/\/qurasoft.de\/?s={search_term_string}"},"query-input":{"@type":"PropertyValueSpecification","valueRequired":true,"valueName":"search_term_string"}}],"inLanguage":"tr"},{"@type":"Organization","@id":"https:\/\/qurasoft.de\/#organization","name":"Qurasoft","url":"https:\/\/qurasoft.de\/","logo":{"@type":"ImageObject","inLanguage":"tr","@id":"https:\/\/qurasoft.de\/#\/schema\/logo\/image\/","url":"https:\/\/qurasoft.de\/wp-content\/uploads\/2024\/09\/Qurasoft_Logo.png","contentUrl":"https:\/\/qurasoft.de\/wp-content\/uploads\/2024\/09\/Qurasoft_Logo.png","width":600,"height":600,"caption":"Qurasoft"},"image":{"@id":"https:\/\/qurasoft.de\/#\/schema\/logo\/image\/"},"sameAs":["https:\/\/x.com\/SaniQApp","https:\/\/de.linkedin.com\/company\/qurasoft-gmbh","https:\/\/www.instagram.com\/qurasoft\/"]}]}},"_links":{"self":[{"href":"https:\/\/qurasoft.de\/tr\/wp-json\/wp\/v2\/pages\/17210","targetHints":{"allow":["GET"]}}],"collection":[{"href":"https:\/\/qurasoft.de\/tr\/wp-json\/wp\/v2\/pages"}],"about":[{"href":"https:\/\/qurasoft.de\/tr\/wp-json\/wp\/v2\/types\/page"}],"author":[{"embeddable":true,"href":"https:\/\/qurasoft.de\/tr\/wp-json\/wp\/v2\/users\/1"}],"replies":[{"embeddable":true,"href":"https:\/\/qurasoft.de\/tr\/wp-json\/wp\/v2\/comments?post=17210"}],"version-history":[{"count":34,"href":"https:\/\/qurasoft.de\/tr\/wp-json\/wp\/v2\/pages\/17210\/revisions"}],"predecessor-version":[{"id":17510,"href":"https:\/\/qurasoft.de\/tr\/wp-json\/wp\/v2\/pages\/17210\/revisions\/17510"}],"wp:attachment":[{"href":"https:\/\/qurasoft.de\/tr\/wp-json\/wp\/v2\/media?parent=17210"}],"curies":[{"name":"wp","href":"https:\/\/api.w.org\/{rel}","templated":true}]}}